{"id":5,"date":"2021-03-15T18:23:06","date_gmt":"2021-03-15T17:23:06","guid":{"rendered":"http:\/\/new.parafia-janow.pl\/?page_id=5"},"modified":"2021-10-16T09:53:06","modified_gmt":"2021-10-16T07:53:06","slug":"tworz-swoja-witryne-za-pomoca-blokow","status":"publish","type":"page","link":"https:\/\/parafia-janow.pl\/","title":{"rendered":"G\u0142\u00f3wna"},"content":{"rendered":"\t\t<div data-elementor-type=\"wp-page\" data-elementor-id=\"5\" class=\"elementor elementor-5\" data-elementor-post-type=\"page\">\n\t\t\t\t\t\t<section class=\"elementor-section elementor-top-section elementor-element elementor-element-49639cd7 elementor-section-boxed elementor-section-height-default elementor-section-height-default\" data-id=\"49639cd7\" data-element_type=\"section\">\n\t\t\t\t\t\t<div class=\"elementor-container elementor-column-gap-default\">\n\t\t\t\t\t<div class=\"elementor-column elementor-col-100 elementor-top-column elementor-element elementor-element-42ac1f94\" data-id=\"42ac1f94\" data-element_type=\"column\">\n\t\t\t<div class=\"elementor-widget-wrap elementor-element-populated\">\n\t\t\t\t\t\t<div class=\"elementor-element elementor-element-68e28e22 elementor-widget elementor-widget-text-editor\" data-id=\"68e28e22\" data-element_type=\"widget\" data-widget_type=\"text-editor.default\">\n\t\t\t\t<div class=\"elementor-widget-container\">\n\t\t\t\t\t\t\t\t\t<p><strong>Bernadeta Soubirous&nbsp; 11 lutego 1858 roku w grocie Massabielle po raz pierwszy spotka\u0142a Pi\u0119kn\u0105 Pani\u0105 odmawiaj\u0105c\u0105 r\u00f3\u017caniec.<\/strong><\/p>\n<p><strong>W \u00f3smym objawieniu Matka Bo\u017ca wypowiedzia\u0142a s\u0142owa \u201e Pokuta\u201d <br>oraz \u201eM\u00f3dlcie si\u0119 o nawr\u00f3cenie grzesznik\u00f3w\u201d.<\/strong><\/p>\n<p><strong>Podczas trzynastego objawienia, tj. 02 marca 1858 roku, Pi\u0119kna Pani poprosi\u0142a o procesje do tego miejsca oraz o wybudowanie kaplicy.<\/strong><\/p>\n<p><strong>25 marca podczas szesnastego objawienia Matka Bo\u017ca spe\u0142ni\u0142a pro\u015bb\u0119 miejscowego ksi\u0119dza proboszcza i wypowiedzia\u0142a swoje Imi\u0119:<\/strong><\/p>\n<p><strong>&nbsp; &nbsp; &nbsp; &nbsp;&nbsp; \u201e JESTEM NIEPOKALANIE POCZ\u0118CIE\u201d.<\/strong><\/p>\n<p><strong>Parafia pw. Niepokalanego Pocz\u0119cia Naj\u015bwi\u0119tszej Maryi Panny w Janowie zosta\u0142a erygowana przez biskupa Augustyna \u0141osi\u0144skiego.<\/strong><\/p>\n<p><strong>D\u0142uga jest historia od pierwszego drewnianego ko\u015bci\u00f3\u0142ka (1700 rok ) <br>a\u017c do 12.07.1912 roku , kiedy to zosta\u0142a erygowana nowa parafia. <br>Faktem jest jednak, \u017ce w aktualnej Archidiecezji Cz\u0119stochowskiej NIEPOKALANIE POCZ\u0118TA zapragn\u0119\u0142a by\u0107 w tym miejscu. <\/strong><\/p>\n<p><strong>Wierni tej parafii w spos\u00f3b szczeg\u00f3lny maj\u0105 ws\u0142uchiwa\u0107 si\u0119 w JEJ s\u0142owa: \u201ePOKUTA\u201d oraz \u201eM\u00d3DLCIE SI\u0118 O NAWR\u00d3CENIE GRZESZNIK\u00d3W\u201d.<\/strong><\/p><p><strong>&#8212;&#8212;&#8212;&#8212;&#8212;&#8212;&#8212;&#8212;&#8212;&#8212;&#8212;&#8212;&#8212;&#8212;&#8212;&#8212;&#8212;&#8212;&#8212;&#8212;&#8212;&#8212;&#8212;&#8212;&#8212;&#8212;&#8212;&#8212;&#8212;&#8212;&#8211;<br><\/strong><\/p>\n<p><\/p>\n<p><br><br><\/p>\t\t\t\t\t\t\t\t<\/div>\n\t\t\t\t<\/div>\n\t\t\t\t\t<\/div>\n\t\t<\/div>\n\t\t\t\t\t<\/div>\n\t\t<\/section>\n\t\t\t\t<section class=\"elementor-section elementor-top-section elementor-element elementor-element-74a873e elementor-section-boxed elementor-section-height-default elementor-section-height-default\" data-id=\"74a873e\" data-element_type=\"section\">\n\t\t\t\t\t\t<div class=\"elementor-container elementor-column-gap-default\">\n\t\t\t\t\t<div class=\"elementor-column elementor-col-100 elementor-top-column elementor-element elementor-element-178ace0\" data-id=\"178ace0\" data-element_type=\"column\">\n\t\t\t<div class=\"elementor-widget-wrap elementor-element-populated\">\n\t\t\t\t\t\t<div class=\"elementor-element elementor-element-c687a83 elementor-widget elementor-widget-image\" data-id=\"c687a83\" data-element_type=\"widget\" data-widget_type=\"image.default\">\n\t\t\t\t<div class=\"elementor-widget-container\">\n\t\t\t\t\t\t\t\t\t\t\t\t\t\t\t<img fetchpriority=\"high\" decoding=\"async\" width=\"700\" height=\"468\" src=\"https:\/\/parafia-janow.pl\/wp-content\/uploads\/2021\/04\/P1200389-1024x684.jpg\" class=\"attachment-large size-large wp-image-97\" alt=\"\" srcset=\"https:\/\/parafia-janow.pl\/wp-content\/uploads\/2021\/04\/P1200389-1024x684.jpg 1024w, https:\/\/parafia-janow.pl\/wp-content\/uploads\/2021\/04\/P1200389-300x200.jpg 300w, https:\/\/parafia-janow.pl\/wp-content\/uploads\/2021\/04\/P1200389-768x513.jpg 768w, https:\/\/parafia-janow.pl\/wp-content\/uploads\/2021\/04\/P1200389-1536x1026.jpg 1536w, https:\/\/parafia-janow.pl\/wp-content\/uploads\/2021\/04\/P1200389-scaled.jpg 2048w\" sizes=\"(max-width: 700px) 100vw, 700px\" \/>\t\t\t\t\t\t\t\t\t\t\t\t\t\t\t<\/div>\n\t\t\t\t<\/div>\n\t\t\t\t\t<\/div>\n\t\t<\/div>\n\t\t\t\t\t<\/div>\n\t\t<\/section>\n\t\t\t\t<\/div>\n\t\t","protected":false},"excerpt":{"rendered":"<p>Bernadeta Soubirous&nbsp; 11 lutego 1858 roku w grocie Massabielle po raz pierwszy spotka\u0142a Pi\u0119kn\u0105 Pani\u0105 odmawiaj\u0105c\u0105 r\u00f3\u017caniec. W \u00f3smym objawieniu Matka Bo\u017ca wypowiedzia\u0142a s\u0142owa \u201e Pokuta\u201d oraz \u201eM\u00f3dlcie si\u0119 o nawr\u00f3cenie grzesznik\u00f3w\u201d. Podczas trzynastego objawienia, tj. 02 marca 1858 roku, Pi\u0119kna Pani poprosi\u0142a o procesje do tego miejsca oraz o wybudowanie kaplicy. 25 marca podczas &#8230; <span class=\"more\"><a class=\"more-link\" href=\"https:\/\/parafia-janow.pl\/\">[Read more&#8230;]<\/a><\/span><\/p>\n","protected":false},"author":4,"featured_media":0,"parent":0,"menu_order":0,"comment_status":"closed","ping_status":"closed","template":"","meta":{"footnotes":""},"class_list":["entry","page","publish","author-kkozik","post-5"],"_links":{"self":[{"href":"https:\/\/parafia-janow.pl\/index.php\/wp-json\/wp\/v2\/pages\/5","targetHints":{"allow":["GET"]}}],"collection":[{"href":"https:\/\/parafia-janow.pl\/index.php\/wp-json\/wp\/v2\/pages"}],"about":[{"href":"https:\/\/parafia-janow.pl\/index.php\/wp-json\/wp\/v2\/types\/page"}],"author":[{"embeddable":true,"href":"https:\/\/parafia-janow.pl\/index.php\/wp-json\/wp\/v2\/users\/4"}],"replies":[{"embeddable":true,"href":"https:\/\/parafia-janow.pl\/index.php\/wp-json\/wp\/v2\/comments?post=5"}],"version-history":[{"count":58,"href":"https:\/\/parafia-janow.pl\/index.php\/wp-json\/wp\/v2\/pages\/5\/revisions"}],"predecessor-version":[{"id":1678,"href":"https:\/\/parafia-janow.pl\/index.php\/wp-json\/wp\/v2\/pages\/5\/revisions\/1678"}],"wp:attachment":[{"href":"https:\/\/parafia-janow.pl\/index.php\/wp-json\/wp\/v2\/media?parent=5"}],"curies":[{"name":"wp","href":"https:\/\/api.w.org\/{rel}","templated":true}]}}