{"id":4881,"date":"2024-12-23T18:24:39","date_gmt":"2024-12-23T17:24:39","guid":{"rendered":"https:\/\/parafia-janow.pl\/?page_id=4881"},"modified":"2024-12-23T18:37:54","modified_gmt":"2024-12-23T17:37:54","slug":"standardy-ochrony-dzieci-podczas-wizyty-duszpasterskiej-tzw-koledy","status":"publish","type":"page","link":"https:\/\/parafia-janow.pl\/index.php\/standardy-ochrony-dzieci-podczas-wizyty-duszpasterskiej-tzw-koledy\/","title":{"rendered":"Standardy ochrony dzieci podczas wizyty duszpasterskiej, tzw. \u201ekol\u0119dy\u201d."},"content":{"rendered":"\t\t<div data-elementor-type=\"wp-page\" data-elementor-id=\"4881\" class=\"elementor elementor-4881\" data-elementor-post-type=\"page\">\n\t\t\t\t\t\t<section class=\"elementor-section elementor-top-section elementor-element elementor-element-4e0ed31 elementor-section-boxed elementor-section-height-default elementor-section-height-default\" data-id=\"4e0ed31\" data-element_type=\"section\">\n\t\t\t\t\t\t<div class=\"elementor-container elementor-column-gap-default\">\n\t\t\t\t\t<div class=\"elementor-column elementor-col-100 elementor-top-column elementor-element elementor-element-b76996e\" data-id=\"b76996e\" data-element_type=\"column\">\n\t\t\t<div class=\"elementor-widget-wrap elementor-element-populated\">\n\t\t\t\t\t\t<div class=\"elementor-element elementor-element-9f0fffd elementor-widget elementor-widget-heading\" data-id=\"9f0fffd\" data-element_type=\"widget\" data-widget_type=\"heading.default\">\n\t\t\t\t<div class=\"elementor-widget-container\">\n\t\t\t\t\t<h2 class=\"elementor-heading-title elementor-size-default\">Standardy ochrony dzieci podczas wizyty duszpasterskiej, tzw. \u201ekol\u0119dy\u201d.<\/h2>\t\t\t\t<\/div>\n\t\t\t\t<\/div>\n\t\t\t\t\t<\/div>\n\t\t<\/div>\n\t\t\t\t\t<\/div>\n\t\t<\/section>\n\t\t\t\t<section class=\"elementor-section elementor-top-section elementor-element elementor-element-4bf12ec elementor-section-boxed elementor-section-height-default elementor-section-height-default\" data-id=\"4bf12ec\" data-element_type=\"section\">\n\t\t\t\t\t\t<div class=\"elementor-container elementor-column-gap-default\">\n\t\t\t\t\t<div class=\"elementor-column elementor-col-100 elementor-top-column elementor-element elementor-element-2b2dc35\" data-id=\"2b2dc35\" data-element_type=\"column\">\n\t\t\t<div class=\"elementor-widget-wrap elementor-element-populated\">\n\t\t\t\t\t\t<div class=\"elementor-element elementor-element-1442fcc elementor-widget elementor-widget-text-editor\" data-id=\"1442fcc\" data-element_type=\"widget\" data-widget_type=\"text-editor.default\">\n\t\t\t\t<div class=\"elementor-widget-container\">\n\t\t\t\t\t\t\t\t\t<p>STANDARDY OCHRONY DZIECI PODCZAS WIZYTY DUSZPASTERSKIEJ, TZW. &#8222;KOL\u0118DY&#8221; W PARAFII\u00a0 NIEPOKALANEGO POCZ\u0118CIA NMP W JANOWIE\u00a0 dokument \u2013 do pobrania: <a href=\"https:\/\/parafia-janow.pl\/wp-content\/uploads\/2024\/12\/Standardy_ochrony_dzieci_podczas_wizyty_duszpasterskiej_zw_koledy.pdf\">Standardy_ochrony_dzieci_podczas_wizyty_duszpasterskiej_zw_koledy.pdf<\/a><\/p><p>Orygina\u0142 znajduje si\u0119 w zakrystii ko\u015bcio\u0142a.<\/p>\t\t\t\t\t\t\t\t<\/div>\n\t\t\t\t<\/div>\n\t\t\t\t\t<\/div>\n\t\t<\/div>\n\t\t\t\t\t<\/div>\n\t\t<\/section>\n\t\t\t\t<section class=\"elementor-section elementor-top-section elementor-element elementor-element-0c5030b elementor-section-boxed elementor-section-height-default elementor-section-height-default\" data-id=\"0c5030b\" data-element_type=\"section\">\n\t\t\t\t\t\t<div class=\"elementor-container elementor-column-gap-default\">\n\t\t\t\t\t<div class=\"elementor-column elementor-col-100 elementor-top-column elementor-element elementor-element-9ac3b6f\" data-id=\"9ac3b6f\" data-element_type=\"column\">\n\t\t\t<div class=\"elementor-widget-wrap elementor-element-populated\">\n\t\t\t\t\t\t<div class=\"elementor-element elementor-element-7ba564f elementor-widget elementor-widget-text-editor\" data-id=\"7ba564f\" data-element_type=\"widget\" data-widget_type=\"text-editor.default\">\n\t\t\t\t<div class=\"elementor-widget-container\">\n\t\t\t\t\t\t\t\t\t<p><strong>Standardy ochrony dzieci podczas wizyty duszpasterskiej, tzw. \u201ekol\u0119dy\u201d.<\/strong><\/p><p><strong>Wskazania prewencyjne dla Archidiecezji Gnie\u017anie\u0144skiej<\/strong><\/p><p>\u00a0<\/p><p><em>Wprowadzenie<\/em><\/p><p>\u00a0\u00a0\u00a0\u00a0\u00a0\u00a0\u00a0\u00a0\u00a0\u00a0\u00a0 W zwi\u0105zku ze zbli\u017caj\u0105c\u0105 si\u0119 kol\u0119d\u0105, w trosce o bezpiecze\u0144stwo ma\u0142oletnich, zgodnie z wymogami ochrony wynikaj\u0105cymi z tzw. \u201eUstawy Kamilka\u201d, przygotowano wskazania, kt\u00f3re nale\u017cy uwzgl\u0119dni\u0107 podczas organizowania i realizowania wizyt duszpasterskich. Ze wzgl\u0119du na du\u017ce zr\u00f3\u017cnicowanie parafii i lokalnych zwyczaj\u00f3w nie podaje si\u0119 jednego modelu standard\u00f3w kol\u0119dowych, lecz obowi\u0105zkowe zasady, kt\u00f3re nale\u017cy dostosowa\u0107 do miejscowych warunk\u00f3w i potrzeb. Priorytetem pozostaje bezpiecze\u0144stwo i dobro powierzonych naszej opiece dzieci, a punktem odniesienia istniej\u0105ce ju\u017c standardy ochrony przyj\u0119te w parafiach. Bezpo\u015brednia odpowiedzialno\u015b\u0107 w tym wzgl\u0119dzie spoczywa na duszpasterzach. Cho\u0107 ostateczne modele mog\u0105 si\u0119 r\u00f3\u017cni\u0107, to jednak ich wprowadzenie jest obligatoryjne dla wszystkich parafii.<\/p><p>\u00a0<\/p><p><em>Informacja<\/em><\/p><p>Po ustaleniu i przyj\u0119ciu stosownych zasad bezpiecze\u0144stwa podczas kol\u0119dy, nale\u017cy je om\u00f3wi\u0107 z wszystkimi ministrantami parafii, by byli \u015bwiadomi i zdolni do wsp\u00f3\u0142pracy\u00a0 w realizacji dzia\u0142a\u0144 prewencyjnych. O podj\u0119tych dzia\u0142aniach nale\u017cy poinformowa\u0107 rodzic\u00f3w\/opiekun\u00f3w prawnych ministrant\u00f3w oraz uzyska\u0107 pisemn\u0105 zgod\u0119 na udzia\u0142 ich podopiecznych w pos\u0142udze kol\u0119dowej.<\/p><p><strong>\u00a0<\/strong><\/p><p><em>Wskazania kol\u0119dowe<\/em><\/p><p>Duszpasterze powinni okre\u015bli\u0107 spos\u00f3b realizacji pos\u0142ugi kol\u0119dowej i obecno\u015bci na niej dzieci, uwzgl\u0119dniaj\u0105c stopie\u0144 i spos\u00f3b ich zaanga\u017cowania, zalecenia dotycz\u0105ce bezpiecze\u0144stwa, obszary mo\u017cliwego ryzyka, spos\u00f3b podtrzymywania kontaktu duszpasterza\u00a0\u00a0\u00a0\u00a0 z dzie\u0107mi, program poszczeg\u00f3lnych tras. Rozwi\u0105zania przyj\u0119te w parafii musz\u0105 uwzgl\u0119dnia\u0107 nast\u0119puj\u0105ce punkty:<\/p><ol><li>Nale\u017cy zorganizowa\u0107 spotkanie szkoleniowe w sprawie kol\u0119dowych standard\u00f3w bezpiecze\u0144stwa, na kt\u00f3rym byliby obecni duszpasterze, ministranci oraz ich rodzice\/opiekunowie prawni. Je\u015bli rodzice\/opiekunowie nie mog\u0105 uczestniczy\u0107 w tym spotkaniu osobi\u015bcie, to inn\u0105 drog\u0105 powinni zosta\u0107 poinformowani o przyj\u0119tych ustaleniach prewencyjnych (ustnie lub pisemnie).<\/li><li>Podczas w\/w spotkania nale\u017cy om\u00f3wi\u0107 przyj\u0119te zasady bezpiecze\u0144stwa wizyt kol\u0119dowych, przypomnie\u0107 zawarte w standardach parafialnych kodeksy zachowa\u0144, zwr\u00f3ci\u0107 uwag\u0119 na kultur\u0119 zachowania, dyskrecj\u0119 i szacunek wobec sytuacji napotkanych w wizytowanych mieszkaniach oraz wskazania w zakresie kontakt\u00f3w ze spotykanymi osobami.<\/li><li>Spotkanie szkoleniowe winno by\u0107 opisane w notatce s\u0142u\u017cbowej i zachowane w aktach parafialnych.<\/li><li>Nale\u017cy uzyska\u0107 pisemn\u0105 zgod\u0119 rodzic\u00f3w\/opiekun\u00f3w prawnych na udzia\u0142 ich podopiecznych w pos\u0142udze kol\u0119dowej (wz\u00f3r w za\u0142\u0105czniku).<\/li><li>Ministrant\u00f3w nie nale\u017cy zabiera\u0107 na trasy, kt\u00f3re w ocenie duszpasterzy mog\u0105 by\u0107 z r\u00f3\u017cnych powod\u00f3w niewskazane, trudne lub zagra\u017caj\u0105ce bezpiecze\u0144stwu dzieci.<\/li><li>Ze wzgl\u0119du na zapewnienie bezpiecze\u0144stwa i aktualne wymogi prawne nale\u017cy pami\u0119ta\u0107, i\u017c podczas kol\u0119dy dzieci nie mog\u0105 przebywa\u0107 same bez opieki. Nale\u017cy tak zorganizowa\u0107 ich kol\u0119dow\u0105 pomoc, by zawsze pozostawa\u0142y w mniejszej lub wi\u0119kszej, ale realnej blisko\u015bci z duszpasterzem, kt\u00f3remu towarzysz\u0105 (np. innym pokoju, kuchni czy przedpokoju). Dzieci nie mog\u0105 same przebywa\u0107 w obcych mieszkaniach, podw\u00f3rkach czy na ulicach, chyba, \u00a0\u00a0\u00a0\u00a0\u00a0\u00a0\u00a0\u00a0\u00a0\u00a0\u00a0\u00a0\u00a0\u00a0\u00a0\u00a0\u00a0\u017ce znajduj\u0105 pod opiek\u0105 innych doros\u0142ych os\u00f3b, kt\u00f3re mog\u0105 podj\u0105\u0107 tak\u0105 opiek\u0119.<\/li><li>Ministranci winni mie\u0107 sta\u0142y kontakt telefoniczny z kol\u0119duj\u0105cym ksi\u0119dzem i rodzicami (zaleca si\u0119, by mia\u0142y te\u017c zapisany numer alarmowy oraz kontakt do osoby zaufania).<\/li><li>W\u0142a\u015bciwe jest omawianie z dzie\u0107mi, przed i po, poszczeg\u00f3lnych tras kol\u0119dowych.<\/li><li>Ministrant\u00f3w nale\u017cy tak podzieli\u0107, by by\u0142 w\u015br\u00f3d nich m\u0142odszy i starszy.<\/li><li>Nale\u017cy unika\u0107 kol\u0119dy z jednym ministrantem, zawsze powinno by\u0107 przynajmniej dw\u00f3ch.<\/li><li>Nale\u017cy czuwa\u0107, by kol\u0119da z udzia\u0142em ministrant\u00f3w nie odbywa\u0142a si\u0119 o zbyt p\u00f3\u017anej porze.<\/li><li>W przypadku potrzeby transportu samochodem (dojazd lub powr\u00f3t z kol\u0119dy) nale\u017cy uwzgl\u0119dnia\u0107 wskazania zawarte w parafialnych standardach ochrony, pami\u0119taj\u0105c o uzgodnieniu tych podr\u00f3\u017cy z rodzicami.<\/li><\/ol><p><strong>\u00a0<\/strong><\/p><p><strong>Zgoda rodzica\/opiekuna prawnego na udzia\u0142 dziecka w wizycie duszpasterskiej (kol\u0119dzie)<\/strong><\/p><p>\u00a0<\/p><p>Ja ni\u017cej podpisany(a):<\/p><p>\u00a0<\/p><p>_________________________________________________________________________<\/p><p><em>imi\u0119 i nazwisko rodzica lub opiekuna prawnego<\/em><\/p><p>\u00a0<\/p><p>_________________________________________________________________________<\/p><p><em>adres zamieszkania rodzica lub opiekuna prawnego<\/em><\/p><p>\u00a0<\/p><p>o\u015bwiadczam, \u017ce posiadam pe\u0142n\u0105 w\u0142adze rodzicielsk\u0105 jako rodzic\/opiekun prawny* dziecka:<\/p><p>\u00a0<\/p><p>_________________________________________________________________________<\/p><p><em>imi\u0119 i nazwisko dziecka<\/em><\/p><p>\u00a0<\/p><p>____________________________________________________________________<\/p><p><em>adres zamieszkania dziecka<\/em><\/p><p>\u00a0<\/p><p>Ponadto o\u015bwiadczam, \u017ce jestem zaznajomiony\/a z przebiegiem oraz tradycj\u0105 odwiedzin duszpasterskich organizowanych w tej\u017ce Parafii, a tak\u017ce z ewentualnymi zagro\u017ceniami, jakie mog\u0105 wynikn\u0105\u0107 i \u015brodkami podj\u0119tymi w celu zapewnienia bezpiecze\u0144stwa dzieciom zgodnie ze Standardami Ochrony Dzieci.<\/p><p>Wyra\u017cam zgod\u0119 na uczestnictwo mojego dziecka w odwiedzinach duszpasterskich \u00a0\u00a0\u00a0\u00a0\u00a0\u00a0\u00a0\u00a0\u00a0\u00a0\u00a0\u00a0\u00a0\u00a0\u00a0\u00a0\u00a0\u00a0i zobowi\u0105zuje si\u0119, aby posiada\u0142o ono na\u0142adowany telefon kom\u00f3rkowy z zapisanymi numerami telefonu do mnie, kol\u0119duj\u0105cego ksi\u0119dza oraz numer alarmowy 112.<\/p><p>\u00a0<\/p><p>___________________ \u00a0\u00a0\u00a0\u00a0\u00a0\u00a0\u00a0\u00a0\u00a0\u00a0\u00a0\u00a0\u00a0\u00a0\u00a0\u00a0\u00a0\u00a0\u00a0\u00a0\u00a0\u00a0\u00a0\u00a0\u00a0\u00a0\u00a0\u00a0\u00a0\u00a0\u00a0 \u00a0\u00a0\u00a0\u00a0\u00a0\u00a0\u00a0\u00a0\u00a0\u00a0\u00a0__________________________<\/p><p><em>\u00a0miejscowo\u015b\u0107 i data \u00a0\u00a0\u00a0\u00a0\u00a0\u00a0\u00a0\u00a0\u00a0\u00a0\u00a0\u00a0\u00a0\u00a0\u00a0\u00a0\u00a0\u00a0\u00a0\u00a0\u00a0\u00a0\u00a0\u00a0\u00a0 \u00a0\u00a0\u00a0\u00a0\u00a0\u00a0\u00a0\u00a0\u00a0\u00a0\u00a0\u00a0\u00a0\u00a0\u00a0\u00a0\u00a0\u00a0\u00a0\u00a0\u00a0\u00a0\u00a0 \u00a0\u00a0\u00a0\u00a0\u00a0\u00a0\u00a0\u00a0czytelny podpis<\/em><\/p><p>\u00a0<\/p>\t\t\t\t\t\t\t\t<\/div>\n\t\t\t\t<\/div>\n\t\t\t\t\t<\/div>\n\t\t<\/div>\n\t\t\t\t\t<\/div>\n\t\t<\/section>\n\t\t\t\t<\/div>\n\t\t","protected":false},"excerpt":{"rendered":"<p>Standardy ochrony dzieci podczas wizyty duszpasterskiej, tzw. \u201ekol\u0119dy\u201d. STANDARDY OCHRONY DZIECI PODCZAS WIZYTY DUSZPASTERSKIEJ, TZW. &#8222;KOL\u0118DY&#8221; W PARAFII\u00a0 NIEPOKALANEGO POCZ\u0118CIA NMP W JANOWIE\u00a0 dokument \u2013 do pobrania: Standardy_ochrony_dzieci_podczas_wizyty_duszpasterskiej_zw_koledy.pdf Orygina\u0142 znajduje si\u0119 w zakrystii ko\u015bcio\u0142a. Standardy ochrony dzieci podczas wizyty duszpasterskiej, tzw. \u201ekol\u0119dy\u201d. Wskazania prewencyjne dla Archidiecezji Gnie\u017anie\u0144skiej \u00a0 Wprowadzenie \u00a0\u00a0\u00a0\u00a0\u00a0\u00a0\u00a0\u00a0\u00a0\u00a0\u00a0 W zwi\u0105zku ze zbli\u017caj\u0105c\u0105 si\u0119 &#8230; <span class=\"more\"><a class=\"more-link\" href=\"https:\/\/parafia-janow.pl\/index.php\/standardy-ochrony-dzieci-podczas-wizyty-duszpasterskiej-tzw-koledy\/\">[Read more&#8230;]<\/a><\/span><\/p>\n","protected":false},"author":4,"featured_media":0,"parent":0,"menu_order":0,"comment_status":"closed","ping_status":"closed","template":"elementor_header_footer","meta":{"footnotes":""},"class_list":["entry","page","publish","author-kkozik","post-4881"],"_links":{"self":[{"href":"https:\/\/parafia-janow.pl\/index.php\/wp-json\/wp\/v2\/pages\/4881","targetHints":{"allow":["GET"]}}],"collection":[{"href":"https:\/\/parafia-janow.pl\/index.php\/wp-json\/wp\/v2\/pages"}],"about":[{"href":"https:\/\/parafia-janow.pl\/index.php\/wp-json\/wp\/v2\/types\/page"}],"author":[{"embeddable":true,"href":"https:\/\/parafia-janow.pl\/index.php\/wp-json\/wp\/v2\/users\/4"}],"replies":[{"embeddable":true,"href":"https:\/\/parafia-janow.pl\/index.php\/wp-json\/wp\/v2\/comments?post=4881"}],"version-history":[{"count":5,"href":"https:\/\/parafia-janow.pl\/index.php\/wp-json\/wp\/v2\/pages\/4881\/revisions"}],"predecessor-version":[{"id":4906,"href":"https:\/\/parafia-janow.pl\/index.php\/wp-json\/wp\/v2\/pages\/4881\/revisions\/4906"}],"wp:attachment":[{"href":"https:\/\/parafia-janow.pl\/index.php\/wp-json\/wp\/v2\/media?parent=4881"}],"curies":[{"name":"wp","href":"https:\/\/api.w.org\/{rel}","templated":true}]}}