{"id":366,"date":"2021-04-20T19:02:44","date_gmt":"2021-04-20T17:02:44","guid":{"rendered":"http:\/\/parafia-janow.pl\/?page_id=366"},"modified":"2021-04-26T10:47:38","modified_gmt":"2021-04-26T08:47:38","slug":"historia-parafii","status":"publish","type":"page","link":"https:\/\/parafia-janow.pl\/index.php\/historia-parafii\/","title":{"rendered":"Historia parafii"},"content":{"rendered":"\t\t<div data-elementor-type=\"wp-page\" data-elementor-id=\"366\" class=\"elementor elementor-366\" data-elementor-post-type=\"page\">\n\t\t\t\t\t\t<section class=\"elementor-section elementor-top-section elementor-element elementor-element-cff438b elementor-section-boxed elementor-section-height-default elementor-section-height-default\" data-id=\"cff438b\" data-element_type=\"section\">\n\t\t\t\t\t\t<div class=\"elementor-container elementor-column-gap-default\">\n\t\t\t\t\t<div class=\"elementor-column elementor-col-100 elementor-top-column elementor-element elementor-element-d9e6f0d\" data-id=\"d9e6f0d\" data-element_type=\"column\">\n\t\t\t<div class=\"elementor-widget-wrap elementor-element-populated\">\n\t\t\t\t\t\t<div class=\"elementor-element elementor-element-cd6443b elementor-widget elementor-widget-text-editor\" data-id=\"cd6443b\" data-element_type=\"widget\" data-widget_type=\"text-editor.default\">\n\t\t\t\t<div class=\"elementor-widget-container\">\n\t\t\t\t\t\t\t\t\t<p>15.07.1912 r. biskup Augustyn \u0141osi\u0144ski erygowa\u0142 parafi\u0119, wydzielaj\u0105c jej terytorium z parafii w Z\u0142otym Potoku. Ju\u017c w 1910 r. mieszka\u0142 tu wikariusz macierzystej parafii ks. Jan Bochenek, kt\u00f3ry\u00a0 po powo\u0142aniu parafii w Janowie zosta\u0142 te\u017c pierwszym<br \/>jej administratorem. W zwi\u0105zku ze zniszczeniem ko\u015bcio\u0142a w czasie I wojny \u015bwiatowej parafia dwukrotnie wraca\u0142a pod zarz\u0105d proboszcza ze Z\u0142otego Potoku: od 1915 r. do 1916 r. oraz w latach 1919-20.<\/p><p>Pierwszy ko\u015bci\u00f3\u0142ek drewniany w Janowie zosta\u0142 zbudowany w 1700 r. staraniem ks. Floriana Silnickiego, kt\u00f3ry za pomoc <br \/>przy rozplanowaniu miasteczka otrzyma\u0142 od w\u0142a\u015bciciela w\u0142\u00f3k\u0119 ziemi w Janowie i na jej skraju postawi\u0142 ko\u015bci\u00f3\u0142. Od 1809 r.<br \/>doje\u017cd\u017ca\u0142 tu ksi\u0105dz ze Z\u0142otego Potoka.<\/p><p>W XIX w. ko\u015bci\u00f3\u0142 ten okaza\u0142 si\u0119 za ma\u0142y na potrzeby duszpasterskie rozwijaj\u0105cego si\u0119 miasteczka i dlatego w 1878 r. ks. Ludwik Janikowski pod pozorem remontu starego ko\u015bcio\u0142a wybudowa\u0142, obchodz\u0105c zakaz w\u0142adz carskich, now\u0105 murowan\u0105 \u015bwi\u0105tyni\u0119<br \/>przy wydatnej pomocy w\u0142a\u015bcicieli Z\u0142otego Potoku.<\/p><p>\u00a0Ko\u015bci\u00f3\u0142 ten uroczy\u015bcie po\u015bwi\u0119ci\u0142 (konsekrowa\u0142) 3.07.1878 r. biskup Tomasz Kuli\u0144ski. Wtedy te\u017c rozebrano dawny drewniany ko\u015bci\u00f3\u0142ek. W nowej \u015bwi\u0105tyni parafialnej Liturgia by\u0142a sprawowana do po\u017caru, kt\u00f3ry strawi\u0142 obiekt 8.12.1914 r. Z nabo\u017ce\u0144stwami przeniesiono si\u0119 w\u00f3wczas do tymczasowej kaplicy urz\u0105dzonej w pleba\u0144skiej stodole.<\/p><p>W 1917 r. staraniem ks. Romana Pachelskiego wyremontowano prowizorycznie ko\u015bci\u00f3\u0142 i przez 2 lata pr\u00f3bowano jeszcze w nim sprawowa\u0107 Liturgi\u0119. Staraniem ks. Jana Wid\u0142aka od wiosny 1921 r. rozpocz\u0119to stawianie obecnego ko\u015bcio\u0142a wed\u0142ug projektu<br \/>arch. Nowakowskiego z Kielc. Ju\u017c 25.06.1922 r. ks. J. Wid\u0142ak dokona\u0142 po\u015bwi\u0119cenia \u015bwi\u0105tyni rytem zwyk\u0142ym, a uroczystym (konsekrowa\u0142 j\u0105) biskup Teodor Kubina 7.06.1931 r. Odt\u0105d by\u0142a ona modernizowana.<\/p><p>W 1992 r. sprawiono do prezbiterium sta\u0142y marmurowy o\u0142tarz i ambonk\u0119. W ostatniej dekadzie do wa\u017cniejszych inwestycji przeprowadzonych w tym ko\u015bciele nale\u017c\u0105, m.in.: monta\u017c ogrzewania oraz nowych witra\u017cy w oknach, po\u0142o\u017cenie nowych tynk\u00f3w<br \/>i odnowienie elewacji zewn\u0119trznej.<\/p><p>\u00a0Od lipca 2019 roku w ko\u015bciele macierzystym poprawiono o\u015bwietlenie, za\u0142o\u017cono nowe nag\u0142o\u015bnienie firmy Rduh, ca\u0142y czas trwa kapitalny remont plebanii, prowadzone s\u0105 porz\u0105dki na placu wok\u00f3\u0142 budynku plebanii i budynk\u00f3w gospodarczych. Aktualnie trwaj\u0105 prace porz\u0105dkowe na cmentarzu, gdzie usuni\u0119to niepotrzebne drzewa oraz dokonano przecinki pozostaj\u0105cych&#8230;<\/p><p>Na terenie parafii w miejscowo\u015bci Piasek istnieje kaplica mszalno-katechetyczna wybudowana wed\u0142ug projektu arch. Eugeniusza Kaima z inicjatywy ks. Stanis\u0142awa Sikory na prze\u0142omie lat 80. i 90. XX wieku. Kamie\u0144 w\u0119gielny w jej \u015bciany wmurowa\u0142 biskup Stanis\u0142aw Nowak.<\/p><p>Opracowano na podstawie pracy\u00a0 ks. dr. hab. Paw\u0142a Wolnickiego.<\/p>\t\t\t\t\t\t\t\t<\/div>\n\t\t\t\t<\/div>\n\t\t\t\t\t<\/div>\n\t\t<\/div>\n\t\t\t\t\t<\/div>\n\t\t<\/section>\n\t\t\t\t<section class=\"elementor-section elementor-top-section elementor-element elementor-element-db87487 elementor-section-boxed elementor-section-height-default elementor-section-height-default\" data-id=\"db87487\" data-element_type=\"section\">\n\t\t\t\t\t\t<div class=\"elementor-container elementor-column-gap-default\">\n\t\t\t\t\t<div class=\"elementor-column elementor-col-100 elementor-top-column elementor-element elementor-element-8b7faac\" data-id=\"8b7faac\" data-element_type=\"column\">\n\t\t\t<div class=\"elementor-widget-wrap\">\n\t\t\t\t\t\t\t<\/div>\n\t\t<\/div>\n\t\t\t\t\t<\/div>\n\t\t<\/section>\n\t\t\t\t<\/div>\n\t\t","protected":false},"excerpt":{"rendered":"<p>15.07.1912 r. biskup Augustyn \u0141osi\u0144ski erygowa\u0142 parafi\u0119, wydzielaj\u0105c jej terytorium z parafii w Z\u0142otym Potoku. Ju\u017c w 1910 r. mieszka\u0142 tu wikariusz macierzystej parafii ks. Jan Bochenek, kt\u00f3ry\u00a0 po powo\u0142aniu parafii w Janowie zosta\u0142 te\u017c pierwszymjej administratorem. W zwi\u0105zku ze zniszczeniem ko\u015bcio\u0142a w czasie I wojny \u015bwiatowej parafia dwukrotnie wraca\u0142a pod zarz\u0105d proboszcza ze Z\u0142otego &#8230; <span class=\"more\"><a class=\"more-link\" href=\"https:\/\/parafia-janow.pl\/index.php\/historia-parafii\/\">[Read more&#8230;]<\/a><\/span><\/p>\n","protected":false},"author":2,"featured_media":0,"parent":0,"menu_order":0,"comment_status":"closed","ping_status":"closed","template":"elementor_header_footer","meta":{"footnotes":""},"class_list":["entry","page","publish","author-parafia","post-366"],"_links":{"self":[{"href":"https:\/\/parafia-janow.pl\/index.php\/wp-json\/wp\/v2\/pages\/366","targetHints":{"allow":["GET"]}}],"collection":[{"href":"https:\/\/parafia-janow.pl\/index.php\/wp-json\/wp\/v2\/pages"}],"about":[{"href":"https:\/\/parafia-janow.pl\/index.php\/wp-json\/wp\/v2\/types\/page"}],"author":[{"embeddable":true,"href":"https:\/\/parafia-janow.pl\/index.php\/wp-json\/wp\/v2\/users\/2"}],"replies":[{"embeddable":true,"href":"https:\/\/parafia-janow.pl\/index.php\/wp-json\/wp\/v2\/comments?post=366"}],"version-history":[{"count":19,"href":"https:\/\/parafia-janow.pl\/index.php\/wp-json\/wp\/v2\/pages\/366\/revisions"}],"predecessor-version":[{"id":522,"href":"https:\/\/parafia-janow.pl\/index.php\/wp-json\/wp\/v2\/pages\/366\/revisions\/522"}],"wp:attachment":[{"href":"https:\/\/parafia-janow.pl\/index.php\/wp-json\/wp\/v2\/media?parent=366"}],"curies":[{"name":"wp","href":"https:\/\/api.w.org\/{rel}","templated":true}]}}