{"id":295,"date":"2021-04-15T20:44:08","date_gmt":"2021-04-15T18:44:08","guid":{"rendered":"http:\/\/parafia-janow.pl\/?page_id=295"},"modified":"2021-04-16T12:17:11","modified_gmt":"2021-04-16T10:17:11","slug":"roza-rodzicow","status":"publish","type":"page","link":"https:\/\/parafia-janow.pl\/index.php\/roza-rodzicow\/","title":{"rendered":"R\u00d3\u017bA R\u00d3\u017bA\u0143COWA MODLITWY RODZIC\u00d3W ZA DZIECI"},"content":{"rendered":"\t\t<div data-elementor-type=\"wp-page\" data-elementor-id=\"295\" class=\"elementor elementor-295\" data-elementor-post-type=\"page\">\n\t\t\t\t\t\t<section class=\"elementor-section elementor-top-section elementor-element elementor-element-aeadf83 elementor-section-boxed elementor-section-height-default elementor-section-height-default\" data-id=\"aeadf83\" data-element_type=\"section\">\n\t\t\t\t\t\t<div class=\"elementor-container elementor-column-gap-default\">\n\t\t\t\t\t<div class=\"elementor-column elementor-col-100 elementor-top-column elementor-element elementor-element-8948aee\" data-id=\"8948aee\" data-element_type=\"column\">\n\t\t\t<div class=\"elementor-widget-wrap elementor-element-populated\">\n\t\t\t\t\t\t<div class=\"elementor-element elementor-element-b2bfe19 elementor-widget elementor-widget-heading\" data-id=\"b2bfe19\" data-element_type=\"widget\" data-widget_type=\"heading.default\">\n\t\t\t\t<div class=\"elementor-widget-container\">\n\t\t\t\t\t<h4 class=\"elementor-heading-title elementor-size-default\">R\u00d3\u017bA R\u00d3\u017bA\u0143COWA\n MODLITWY RODZIC\u00d3W ZA DZIECI  PARAFII \nPW. NIEPOKALANEGO POCZ\u0118CIA    \nN.M.P. W JANOWIE<\/h4>\t\t\t\t<\/div>\n\t\t\t\t<\/div>\n\t\t\t\t\t<\/div>\n\t\t<\/div>\n\t\t\t\t\t<\/div>\n\t\t<\/section>\n\t\t\t\t<section class=\"elementor-section elementor-top-section elementor-element elementor-element-a40b73c elementor-section-boxed elementor-section-height-default elementor-section-height-default\" data-id=\"a40b73c\" data-element_type=\"section\">\n\t\t\t\t\t\t<div class=\"elementor-container elementor-column-gap-default\">\n\t\t\t\t\t<div class=\"elementor-column elementor-col-100 elementor-top-column elementor-element elementor-element-5c163c0\" data-id=\"5c163c0\" data-element_type=\"column\">\n\t\t\t<div class=\"elementor-widget-wrap\">\n\t\t\t\t\t\t\t<\/div>\n\t\t<\/div>\n\t\t\t\t\t<\/div>\n\t\t<\/section>\n\t\t\t\t<section class=\"elementor-section elementor-top-section elementor-element elementor-element-9eb26d1 elementor-section-boxed elementor-section-height-default elementor-section-height-default\" data-id=\"9eb26d1\" data-element_type=\"section\">\n\t\t\t\t\t\t<div class=\"elementor-container elementor-column-gap-default\">\n\t\t\t\t\t<div class=\"elementor-column elementor-col-100 elementor-top-column elementor-element elementor-element-3df5ccc\" data-id=\"3df5ccc\" data-element_type=\"column\">\n\t\t\t<div class=\"elementor-widget-wrap elementor-element-populated\">\n\t\t\t\t\t\t<div class=\"elementor-element elementor-element-338c2e6 elementor-widget elementor-widget-text-editor\" data-id=\"338c2e6\" data-element_type=\"widget\" data-widget_type=\"text-editor.default\">\n\t\t\t\t<div class=\"elementor-widget-container\">\n\t\t\t\t\t\t\t\t\t<p><em><strong>I) Data powstania r\u00f3\u017cy &#8211; 07 marzec 2021 r.<\/strong><\/em><\/p><p><em><strong>II) Patron r\u00f3\u017cy \u2013 \u015aw. Jan Pawe\u0142 II<\/strong><\/em><\/p><p><em><strong>III) Msze \u015bw. w intencji r\u00f3\u017cy:<\/strong><\/em><\/p><p>\u2013 22 pa\u017adziernik,<\/p><p>\u2013 08 grudzie\u0144,<\/p><h2>\u00a0<\/h2><p><em><strong>IV) Cz\u0142onkowie tworz\u0105cy r\u00f3\u017c\u0119:<\/strong><\/em><\/p><p>1) Urszula D\u0105browska<\/p><p>2) Anna Stachurska<\/p><p>3) Mariola Turowska \u2013 Moskalik<\/p><p>4) Renata Bugaj<\/p><p>5) Jolanta Brzeszczak<\/p><p>6) Ewa St\u0119pie\u0144<\/p><p>7) Ewelina Nabia\u0142ek<\/p><p>8) Ma\u0142gorzata Brygu\u0142a<\/p><p>9) Katarzyna Bogunia\/Aleksander Bogunia<\/p><p>10) Anna Wuczy\u0144ska<\/p><p>11) Katarzyna Grzywna<\/p><p>12) Justyna Fresel<\/p><p>13) Agnieszka G\u00f3recka<\/p><p>14) Teresa Siemion\/ Ma\u0142gorzata Gruca<\/p><p>15) Marzena Marczyk<\/p><p>16) Aleksandra Patrza\u0142ek<\/p><p>17) Agnieszka Trebska \u2013 Szczerbiak<\/p><p>18) Magdalena Ponicka<\/p><p>19) Anna Nowakowska<\/p><p>20) Anna Wasiak\/Andrzej Wasiak<\/p>\t\t\t\t\t\t\t\t<\/div>\n\t\t\t\t<\/div>\n\t\t\t\t\t<\/div>\n\t\t<\/div>\n\t\t\t\t\t<\/div>\n\t\t<\/section>\n\t\t\t\t<\/div>\n\t\t","protected":false},"excerpt":{"rendered":"<p>R\u00d3\u017bA R\u00d3\u017bA\u0143COWA MODLITWY RODZIC\u00d3W ZA DZIECI PARAFII PW. NIEPOKALANEGO POCZ\u0118CIA N.M.P. W JANOWIE I) Data powstania r\u00f3\u017cy &#8211; 07 marzec 2021 r. II) Patron r\u00f3\u017cy \u2013 \u015aw. Jan Pawe\u0142 II III) Msze \u015bw. w intencji r\u00f3\u017cy: \u2013 22 pa\u017adziernik, \u2013 08 grudzie\u0144, IV) Cz\u0142onkowie tworz\u0105cy r\u00f3\u017c\u0119: 1) Urszula D\u0105browska 2) Anna Stachurska 3) Mariola Turowska &#8230; <span class=\"more\"><a class=\"more-link\" href=\"https:\/\/parafia-janow.pl\/index.php\/roza-rodzicow\/\">[Read more&#8230;]<\/a><\/span><\/p>\n","protected":false},"author":2,"featured_media":0,"parent":0,"menu_order":0,"comment_status":"closed","ping_status":"closed","template":"","meta":{"footnotes":""},"class_list":["entry","page","publish","author-parafia","post-295"],"_links":{"self":[{"href":"https:\/\/parafia-janow.pl\/index.php\/wp-json\/wp\/v2\/pages\/295","targetHints":{"allow":["GET"]}}],"collection":[{"href":"https:\/\/parafia-janow.pl\/index.php\/wp-json\/wp\/v2\/pages"}],"about":[{"href":"https:\/\/parafia-janow.pl\/index.php\/wp-json\/wp\/v2\/types\/page"}],"author":[{"embeddable":true,"href":"https:\/\/parafia-janow.pl\/index.php\/wp-json\/wp\/v2\/users\/2"}],"replies":[{"embeddable":true,"href":"https:\/\/parafia-janow.pl\/index.php\/wp-json\/wp\/v2\/comments?post=295"}],"version-history":[{"count":17,"href":"https:\/\/parafia-janow.pl\/index.php\/wp-json\/wp\/v2\/pages\/295\/revisions"}],"predecessor-version":[{"id":329,"href":"https:\/\/parafia-janow.pl\/index.php\/wp-json\/wp\/v2\/pages\/295\/revisions\/329"}],"wp:attachment":[{"href":"https:\/\/parafia-janow.pl\/index.php\/wp-json\/wp\/v2\/media?parent=295"}],"curies":[{"name":"wp","href":"https:\/\/api.w.org\/{rel}","templated":true}]}}