{"id":2509,"date":"2022-07-26T21:10:37","date_gmt":"2022-07-26T19:10:37","guid":{"rendered":"http:\/\/parafia-janow.pl\/?page_id=2509"},"modified":"2022-07-26T21:28:37","modified_gmt":"2022-07-26T19:28:37","slug":"koncert-z-okazji-dnia-matki-ukrainski-zespol-wokalny-z-tarnopola-glosy-aniolow-golosy-angeliw","status":"publish","type":"page","link":"https:\/\/parafia-janow.pl\/index.php\/galeria\/koncert-z-okazji-dnia-matki-ukrainski-zespol-wokalny-z-tarnopola-glosy-aniolow-golosy-angeliw\/","title":{"rendered":"Koncert z okazji dnia Matki &#8211; Ukrai\u0144ski Zesp\u00f3\u0142 Wokalny z Tarnopola G\u0142osy Anio\u0142\u00f3w (Golosy Angeliw)"},"content":{"rendered":"\t\t<div data-elementor-type=\"wp-page\" data-elementor-id=\"2509\" class=\"elementor elementor-2509\" data-elementor-post-type=\"page\">\n\t\t\t\t\t\t<section class=\"elementor-section elementor-top-section elementor-element elementor-element-d5e7c07 elementor-section-boxed elementor-section-height-default elementor-section-height-default\" data-id=\"d5e7c07\" data-element_type=\"section\">\n\t\t\t\t\t\t<div class=\"elementor-container elementor-column-gap-default\">\n\t\t\t\t\t<div class=\"elementor-column elementor-col-100 elementor-top-column elementor-element elementor-element-a7c3e64\" data-id=\"a7c3e64\" data-element_type=\"column\">\n\t\t\t<div class=\"elementor-widget-wrap elementor-element-populated\">\n\t\t\t\t\t\t<div class=\"elementor-element elementor-element-b33ede9 elementor-widget elementor-widget-heading\" data-id=\"b33ede9\" data-element_type=\"widget\" data-widget_type=\"heading.default\">\n\t\t\t\t<div class=\"elementor-widget-container\">\n\t\t\t\t\t<h2 class=\"elementor-heading-title elementor-size-default\">Koncert z okazji dnia Matki - Ukrai\u0144ski Zesp\u00f3\u0142 Wokalny z Tarnopola \"G\u0142osy Anio\u0142\u00f3w\" (\"Golosy Angeliw\") - Parafia NMP w Janowie 2022<br><br><br><br><br><\/h2>\t\t\t\t<\/div>\n\t\t\t\t<\/div>\n\t\t\t\t\t<\/div>\n\t\t<\/div>\n\t\t\t\t\t<\/div>\n\t\t<\/section>\n\t\t\t\t<section class=\"elementor-section elementor-top-section elementor-element elementor-element-944d461 elementor-section-boxed elementor-section-height-default elementor-section-height-default\" data-id=\"944d461\" data-element_type=\"section\">\n\t\t\t\t\t\t<div class=\"elementor-container elementor-column-gap-default\">\n\t\t\t\t\t<div class=\"elementor-column elementor-col-100 elementor-top-column elementor-element elementor-element-432edd0\" data-id=\"432edd0\" data-element_type=\"column\">\n\t\t\t<div class=\"elementor-widget-wrap elementor-element-populated\">\n\t\t\t\t\t\t<div class=\"elementor-element elementor-element-64b06f8 elementor-widget elementor-widget-image\" data-id=\"64b06f8\" data-element_type=\"widget\" data-widget_type=\"image.default\">\n\t\t\t\t<div class=\"elementor-widget-container\">\n\t\t\t\t\t\t\t\t\t\t\t\t\t\t\t<img fetchpriority=\"high\" decoding=\"async\" width=\"700\" height=\"394\" src=\"https:\/\/parafia-janow.pl\/wp-content\/uploads\/2022\/07\/P1010256-1024x576.jpg\" class=\"attachment-large size-large wp-image-2511\" alt=\"\" srcset=\"https:\/\/parafia-janow.pl\/wp-content\/uploads\/2022\/07\/P1010256-1024x576.jpg 1024w, https:\/\/parafia-janow.pl\/wp-content\/uploads\/2022\/07\/P1010256-300x169.jpg 300w, https:\/\/parafia-janow.pl\/wp-content\/uploads\/2022\/07\/P1010256-768x432.jpg 768w, https:\/\/parafia-janow.pl\/wp-content\/uploads\/2022\/07\/P1010256-1536x863.jpg 1536w, https:\/\/parafia-janow.pl\/wp-content\/uploads\/2022\/07\/P1010256-scaled.jpg 2048w\" sizes=\"(max-width: 700px) 100vw, 700px\" \/>\t\t\t\t\t\t\t\t\t\t\t\t\t\t\t<\/div>\n\t\t\t\t<\/div>\n\t\t\t\t\t<\/div>\n\t\t<\/div>\n\t\t\t\t\t<\/div>\n\t\t<\/section>\n\t\t\t\t<section class=\"elementor-section elementor-top-section elementor-element elementor-element-956d5d5 elementor-section-boxed elementor-section-height-default elementor-section-height-default\" data-id=\"956d5d5\" data-element_type=\"section\">\n\t\t\t\t\t\t<div class=\"elementor-container elementor-column-gap-default\">\n\t\t\t\t\t<div class=\"elementor-column elementor-col-100 elementor-top-column elementor-element elementor-element-0eb78a5\" data-id=\"0eb78a5\" data-element_type=\"column\">\n\t\t\t<div class=\"elementor-widget-wrap elementor-element-populated\">\n\t\t\t\t\t\t<div class=\"elementor-element elementor-element-12ce50c elementor-widget elementor-widget-video\" data-id=\"12ce50c\" data-element_type=\"widget\" data-settings=\"{&quot;youtube_url&quot;:&quot;https:\\\/\\\/www.youtube.com\\\/watch?v=dpBGn2t4fNY&quot;,&quot;start&quot;:1,&quot;video_type&quot;:&quot;youtube&quot;,&quot;controls&quot;:&quot;yes&quot;}\" data-widget_type=\"video.default\">\n\t\t\t\t<div class=\"elementor-widget-container\">\n\t\t\t\t\t\t\t<div class=\"elementor-wrapper elementor-open-inline\">\n\t\t\t<div class=\"elementor-video\"><\/div>\t\t<\/div>\n\t\t\t\t\t\t<\/div>\n\t\t\t\t<\/div>\n\t\t\t\t\t<\/div>\n\t\t<\/div>\n\t\t\t\t\t<\/div>\n\t\t<\/section>\n\t\t\t\t<section class=\"elementor-section elementor-top-section elementor-element elementor-element-7785ce5 elementor-section-boxed elementor-section-height-default elementor-section-height-default\" data-id=\"7785ce5\" data-element_type=\"section\">\n\t\t\t\t\t\t<div class=\"elementor-container elementor-column-gap-default\">\n\t\t\t\t\t<div class=\"elementor-column elementor-col-100 elementor-top-column elementor-element elementor-element-099a776\" data-id=\"099a776\" data-element_type=\"column\">\n\t\t\t<div class=\"elementor-widget-wrap elementor-element-populated\">\n\t\t\t\t\t\t<div class=\"elementor-element elementor-element-f507826 elementor-widget elementor-widget-video\" data-id=\"f507826\" data-element_type=\"widget\" data-settings=\"{&quot;youtube_url&quot;:&quot;https:\\\/\\\/youtu.be\\\/yBwQAzaLJOQ&quot;,&quot;video_type&quot;:&quot;youtube&quot;,&quot;controls&quot;:&quot;yes&quot;}\" data-widget_type=\"video.default\">\n\t\t\t\t<div class=\"elementor-widget-container\">\n\t\t\t\t\t\t\t<div class=\"elementor-wrapper elementor-open-inline\">\n\t\t\t<div class=\"elementor-video\"><\/div>\t\t<\/div>\n\t\t\t\t\t\t<\/div>\n\t\t\t\t<\/div>\n\t\t\t\t\t<\/div>\n\t\t<\/div>\n\t\t\t\t\t<\/div>\n\t\t<\/section>\n\t\t\t\t<section class=\"elementor-section elementor-top-section elementor-element elementor-element-3cbb021 elementor-section-boxed elementor-section-height-default elementor-section-height-default\" data-id=\"3cbb021\" data-element_type=\"section\">\n\t\t\t\t\t\t<div class=\"elementor-container elementor-column-gap-default\">\n\t\t\t\t\t<div class=\"elementor-column elementor-col-100 elementor-top-column elementor-element elementor-element-d67bb54\" data-id=\"d67bb54\" data-element_type=\"column\">\n\t\t\t<div class=\"elementor-widget-wrap elementor-element-populated\">\n\t\t\t\t\t\t<div class=\"elementor-element elementor-element-267d081 elementor-widget elementor-widget-video\" data-id=\"267d081\" data-element_type=\"widget\" data-settings=\"{&quot;youtube_url&quot;:&quot;https:\\\/\\\/youtu.be\\\/H-twcPioyLc&quot;,&quot;video_type&quot;:&quot;youtube&quot;,&quot;controls&quot;:&quot;yes&quot;}\" data-widget_type=\"video.default\">\n\t\t\t\t<div class=\"elementor-widget-container\">\n\t\t\t\t\t\t\t<div class=\"elementor-wrapper elementor-open-inline\">\n\t\t\t<div class=\"elementor-video\"><\/div>\t\t<\/div>\n\t\t\t\t\t\t<\/div>\n\t\t\t\t<\/div>\n\t\t\t\t\t<\/div>\n\t\t<\/div>\n\t\t\t\t\t<\/div>\n\t\t<\/section>\n\t\t\t\t<section class=\"elementor-section elementor-top-section elementor-element elementor-element-c814b5d elementor-section-boxed elementor-section-height-default elementor-section-height-default\" data-id=\"c814b5d\" data-element_type=\"section\">\n\t\t\t\t\t\t<div class=\"elementor-container elementor-column-gap-default\">\n\t\t\t\t\t<div class=\"elementor-column elementor-col-100 elementor-top-column elementor-element elementor-element-b8ebccb\" data-id=\"b8ebccb\" data-element_type=\"column\">\n\t\t\t<div class=\"elementor-widget-wrap elementor-element-populated\">\n\t\t\t\t\t\t<div class=\"elementor-element elementor-element-d552cd7 elementor-widget elementor-widget-video\" data-id=\"d552cd7\" data-element_type=\"widget\" data-settings=\"{&quot;youtube_url&quot;:&quot;https:\\\/\\\/youtu.be\\\/qQ353AF4Rv4&quot;,&quot;video_type&quot;:&quot;youtube&quot;,&quot;controls&quot;:&quot;yes&quot;}\" data-widget_type=\"video.default\">\n\t\t\t\t<div class=\"elementor-widget-container\">\n\t\t\t\t\t\t\t<div class=\"elementor-wrapper elementor-open-inline\">\n\t\t\t<div class=\"elementor-video\"><\/div>\t\t<\/div>\n\t\t\t\t\t\t<\/div>\n\t\t\t\t<\/div>\n\t\t\t\t\t<\/div>\n\t\t<\/div>\n\t\t\t\t\t<\/div>\n\t\t<\/section>\n\t\t\t\t<section class=\"elementor-section elementor-top-section elementor-element elementor-element-6d4c5e2 elementor-section-boxed elementor-section-height-default elementor-section-height-default\" data-id=\"6d4c5e2\" data-element_type=\"section\">\n\t\t\t\t\t\t<div class=\"elementor-container elementor-column-gap-default\">\n\t\t\t\t\t<div class=\"elementor-column elementor-col-100 elementor-top-column elementor-element elementor-element-637472e\" data-id=\"637472e\" data-element_type=\"column\">\n\t\t\t<div class=\"elementor-widget-wrap elementor-element-populated\">\n\t\t\t\t\t\t<div class=\"elementor-element elementor-element-4000d24 elementor-widget elementor-widget-video\" data-id=\"4000d24\" data-element_type=\"widget\" data-settings=\"{&quot;youtube_url&quot;:&quot;https:\\\/\\\/youtu.be\\\/GJR6g-XBy_A&quot;,&quot;video_type&quot;:&quot;youtube&quot;,&quot;controls&quot;:&quot;yes&quot;}\" data-widget_type=\"video.default\">\n\t\t\t\t<div class=\"elementor-widget-container\">\n\t\t\t\t\t\t\t<div class=\"elementor-wrapper elementor-open-inline\">\n\t\t\t<div class=\"elementor-video\"><\/div>\t\t<\/div>\n\t\t\t\t\t\t<\/div>\n\t\t\t\t<\/div>\n\t\t\t\t\t<\/div>\n\t\t<\/div>\n\t\t\t\t\t<\/div>\n\t\t<\/section>\n\t\t\t\t<\/div>\n\t\t","protected":false},"excerpt":{"rendered":"<p>Koncert z okazji dnia Matki &#8211; Ukrai\u0144ski Zesp\u00f3\u0142 Wokalny z Tarnopola &#8222;G\u0142osy Anio\u0142\u00f3w&#8221; (&#8222;Golosy Angeliw&#8221;) &#8211; Parafia NMP w Janowie 2022 https:\/\/www.youtube.com\/watch?v=dpBGn2t4fNYhttps:\/\/youtu.be\/yBwQAzaLJOQhttps:\/\/youtu.be\/H-twcPioyLchttps:\/\/youtu.be\/qQ353AF4Rv4https:\/\/youtu.be\/GJR6g-XBy_A<\/p>\n","protected":false},"author":2,"featured_media":0,"parent":55,"menu_order":0,"comment_status":"closed","ping_status":"closed","template":"elementor_header_footer","meta":{"footnotes":""},"class_list":["entry","page","publish","author-parafia","post-2509"],"_links":{"self":[{"href":"https:\/\/parafia-janow.pl\/index.php\/wp-json\/wp\/v2\/pages\/2509","targetHints":{"allow":["GET"]}}],"collection":[{"href":"https:\/\/parafia-janow.pl\/index.php\/wp-json\/wp\/v2\/pages"}],"about":[{"href":"https:\/\/parafia-janow.pl\/index.php\/wp-json\/wp\/v2\/types\/page"}],"author":[{"embeddable":true,"href":"https:\/\/parafia-janow.pl\/index.php\/wp-json\/wp\/v2\/users\/2"}],"replies":[{"embeddable":true,"href":"https:\/\/parafia-janow.pl\/index.php\/wp-json\/wp\/v2\/comments?post=2509"}],"version-history":[{"count":14,"href":"https:\/\/parafia-janow.pl\/index.php\/wp-json\/wp\/v2\/pages\/2509\/revisions"}],"predecessor-version":[{"id":2524,"href":"https:\/\/parafia-janow.pl\/index.php\/wp-json\/wp\/v2\/pages\/2509\/revisions\/2524"}],"up":[{"embeddable":true,"href":"https:\/\/parafia-janow.pl\/index.php\/wp-json\/wp\/v2\/pages\/55"}],"wp:attachment":[{"href":"https:\/\/parafia-janow.pl\/index.php\/wp-json\/wp\/v2\/media?parent=2509"}],"curies":[{"name":"wp","href":"https:\/\/api.w.org\/{rel}","templated":true}]}}