{"id":1404,"date":"2021-08-06T20:29:17","date_gmt":"2021-08-06T18:29:17","guid":{"rendered":"http:\/\/parafia-janow.pl\/?page_id=1404"},"modified":"2021-08-06T20:38:05","modified_gmt":"2021-08-06T18:38:05","slug":"remont-zakrystii-ministrantow","status":"publish","type":"page","link":"https:\/\/parafia-janow.pl\/index.php\/inwestycje\/remont-zakrystii-ministrantow\/","title":{"rendered":"Remont zakrystii ministrant\u00f3w"},"content":{"rendered":"\t\t<div data-elementor-type=\"wp-page\" data-elementor-id=\"1404\" class=\"elementor elementor-1404\" data-elementor-post-type=\"page\">\n\t\t\t\t\t\t<section class=\"elementor-section elementor-top-section elementor-element elementor-element-478f8de elementor-section-boxed elementor-section-height-default elementor-section-height-default\" data-id=\"478f8de\" data-element_type=\"section\" data-e-type=\"section\">\n\t\t\t\t\t\t<div class=\"elementor-container elementor-column-gap-default\">\n\t\t\t\t\t<div class=\"elementor-column elementor-col-100 elementor-top-column elementor-element elementor-element-300d38c\" data-id=\"300d38c\" data-element_type=\"column\" data-e-type=\"column\">\n\t\t\t<div class=\"elementor-widget-wrap elementor-element-populated\">\n\t\t\t\t\t\t<div class=\"elementor-element elementor-element-c4f879c elementor-widget elementor-widget-heading\" data-id=\"c4f879c\" data-element_type=\"widget\" data-e-type=\"widget\" data-widget_type=\"heading.default\">\n\t\t\t\t<div class=\"elementor-widget-container\">\n\t\t\t\t\t<h2 class=\"elementor-heading-title elementor-size-default\">Remont zakrystii ministrant\u00f3w<\/h2>\t\t\t\t<\/div>\n\t\t\t\t<\/div>\n\t\t\t\t\t<\/div>\n\t\t<\/div>\n\t\t\t\t\t<\/div>\n\t\t<\/section>\n\t\t\t\t<section class=\"elementor-section elementor-top-section elementor-element elementor-element-f783fb5 elementor-section-boxed elementor-section-height-default elementor-section-height-default\" data-id=\"f783fb5\" data-element_type=\"section\" data-e-type=\"section\">\n\t\t\t\t\t\t<div class=\"elementor-container elementor-column-gap-default\">\n\t\t\t\t\t<div class=\"elementor-column elementor-col-100 elementor-top-column elementor-element elementor-element-38ac8b7\" data-id=\"38ac8b7\" data-element_type=\"column\" data-e-type=\"column\">\n\t\t\t<div class=\"elementor-widget-wrap\">\n\t\t\t\t\t\t\t<\/div>\n\t\t<\/div>\n\t\t\t\t\t<\/div>\n\t\t<\/section>\n\t\t\t\t<section class=\"elementor-section elementor-top-section elementor-element elementor-element-f377c92 elementor-section-boxed elementor-section-height-default elementor-section-height-default\" data-id=\"f377c92\" data-element_type=\"section\" data-e-type=\"section\">\n\t\t\t\t\t\t<div class=\"elementor-container elementor-column-gap-default\">\n\t\t\t\t\t<div class=\"elementor-column elementor-col-100 elementor-top-column elementor-element elementor-element-f8df41a\" data-id=\"f8df41a\" data-element_type=\"column\" data-e-type=\"column\">\n\t\t\t<div class=\"elementor-widget-wrap elementor-element-populated\">\n\t\t\t\t\t\t<div class=\"elementor-element elementor-element-21cfc3c elementor-widget elementor-widget-text-editor\" data-id=\"21cfc3c\" data-element_type=\"widget\" data-e-type=\"widget\" data-widget_type=\"text-editor.default\">\n\t\t\t\t<div class=\"elementor-widget-container\">\n\t\t\t\t\t\t\t\t\t<p><strong>Remont zakrystii ministrant\u00f3w przeprowadzony zosta\u0142 w lipcu 2021 r.<\/strong><\/p><p><strong>Prace zosta\u0142y wykonane nieodp\u0142atnie przez rodzic\u00f3w ministrant\u00f3w i lektor\u00f3w.<\/strong><\/p><p style=\"text-align: center;\"><strong>DZI\u0118KUJEMY \ud83d\ude42<\/strong><\/p>\t\t\t\t\t\t\t\t<\/div>\n\t\t\t\t<\/div>\n\t\t\t\t\t<\/div>\n\t\t<\/div>\n\t\t\t\t\t<\/div>\n\t\t<\/section>\n\t\t\t\t<section class=\"elementor-section elementor-top-section elementor-element elementor-element-1ff04f8 elementor-section-boxed elementor-section-height-default elementor-section-height-default\" data-id=\"1ff04f8\" data-element_type=\"section\" data-e-type=\"section\">\n\t\t\t\t\t\t<div class=\"elementor-container elementor-column-gap-default\">\n\t\t\t\t\t<div class=\"elementor-column elementor-col-100 elementor-top-column elementor-element elementor-element-ab8ff23\" data-id=\"ab8ff23\" data-element_type=\"column\" data-e-type=\"column\">\n\t\t\t<div class=\"elementor-widget-wrap elementor-element-populated\">\n\t\t\t\t\t\t<div class=\"elementor-element elementor-element-39321f8 elementor-widget elementor-widget-gallery\" data-id=\"39321f8\" data-element_type=\"widget\" data-e-type=\"widget\" data-settings=\"{&quot;gallery_layout&quot;:&quot;justified&quot;,&quot;ideal_row_height&quot;:{&quot;unit&quot;:&quot;px&quot;,&quot;size&quot;:183,&quot;sizes&quot;:[]},&quot;gap&quot;:{&quot;unit&quot;:&quot;px&quot;,&quot;size&quot;:17,&quot;sizes&quot;:[]},&quot;lazyload&quot;:&quot;yes&quot;,&quot;ideal_row_height_tablet&quot;:{&quot;unit&quot;:&quot;px&quot;,&quot;size&quot;:150,&quot;sizes&quot;:[]},&quot;ideal_row_height_mobile&quot;:{&quot;unit&quot;:&quot;px&quot;,&quot;size&quot;:150,&quot;sizes&quot;:[]},&quot;gap_tablet&quot;:{&quot;unit&quot;:&quot;px&quot;,&quot;size&quot;:10,&quot;sizes&quot;:[]},&quot;gap_mobile&quot;:{&quot;unit&quot;:&quot;px&quot;,&quot;size&quot;:10,&quot;sizes&quot;:[]},&quot;link_to&quot;:&quot;file&quot;,&quot;overlay_background&quot;:&quot;yes&quot;,&quot;content_hover_animation&quot;:&quot;fade-in&quot;}\" data-widget_type=\"gallery.default\">\n\t\t\t\t<div class=\"elementor-widget-container\">\n\t\t\t\t\t\t\t<div class=\"elementor-gallery__container\">\r\n\t\t\t\t\t\t\t<a class=\"e-gallery-item elementor-gallery-item elementor-animated-content\" href=\"https:\/\/parafia-janow.pl\/wp-content\/uploads\/2021\/08\/remont_zakrystii_ministrantow006-scaled.jpg\" data-elementor-open-lightbox=\"yes\" data-elementor-lightbox-slideshow=\"39321f8\" data-elementor-lightbox-title=\"remont_zakrystii_ministrant\u00f3w006\" data-e-action-hash=\"#elementor-action%3Aaction%3Dlightbox%26settings%3DeyJpZCI6MTM0MSwidXJsIjoiaHR0cHM6XC9cL3BhcmFmaWEtamFub3cucGxcL3dwLWNvbnRlbnRcL3VwbG9hZHNcLzIwMjFcLzA4XC9yZW1vbnRfemFrcnlzdGlpX21pbmlzdHJhbnRvdzAwNi1zY2FsZWQuanBnIiwic2xpZGVzaG93IjoiMzkzMjFmOCJ9\">\r\n\t\t\t\t\t<div class=\"e-gallery-image elementor-gallery-item__image\" data-thumbnail=\"https:\/\/parafia-janow.pl\/wp-content\/uploads\/2021\/08\/remont_zakrystii_ministrantow006-225x300.jpg\" data-width=\"225\" data-height=\"300\" aria-label=\"\" role=\"img\" ><\/div>\r\n\t\t\t\t\t\t\t\t\t\t\t<div class=\"elementor-gallery-item__overlay\"><\/div>\r\n\t\t\t\t\t\t\t\t\t\t\t\t\t\t<\/a>\r\n\t\t\t\t\t\t\t<a class=\"e-gallery-item elementor-gallery-item elementor-animated-content\" href=\"https:\/\/parafia-janow.pl\/wp-content\/uploads\/2021\/07\/Remont_zakrystii_ministrantowi001-scaled.jpg\" data-elementor-open-lightbox=\"yes\" data-elementor-lightbox-slideshow=\"39321f8\" data-elementor-lightbox-title=\"Remont_zakrystii_ministrantowi001\" data-e-action-hash=\"#elementor-action%3Aaction%3Dlightbox%26settings%3DeyJpZCI6MTI2OCwidXJsIjoiaHR0cHM6XC9cL3BhcmFmaWEtamFub3cucGxcL3dwLWNvbnRlbnRcL3VwbG9hZHNcLzIwMjFcLzA3XC9SZW1vbnRfemFrcnlzdGlpX21pbmlzdHJhbnRvd2kwMDEtc2NhbGVkLmpwZyIsInNsaWRlc2hvdyI6IjM5MzIxZjgifQ%3D%3D\">\r\n\t\t\t\t\t<div class=\"e-gallery-image elementor-gallery-item__image\" data-thumbnail=\"https:\/\/parafia-janow.pl\/wp-content\/uploads\/2021\/07\/Remont_zakrystii_ministrantowi001-225x300.jpg\" data-width=\"225\" data-height=\"300\" aria-label=\"\" role=\"img\" ><\/div>\r\n\t\t\t\t\t\t\t\t\t\t\t<div class=\"elementor-gallery-item__overlay\"><\/div>\r\n\t\t\t\t\t\t\t\t\t\t\t\t\t\t<\/a>\r\n\t\t\t\t\t\t\t<a class=\"e-gallery-item elementor-gallery-item elementor-animated-content\" href=\"https:\/\/parafia-janow.pl\/wp-content\/uploads\/2021\/07\/Remont_zakrystii_ministrantowi004-scaled.jpg\" data-elementor-open-lightbox=\"yes\" data-elementor-lightbox-slideshow=\"39321f8\" data-elementor-lightbox-title=\"Remont_zakrystii_ministrantowi004\" data-e-action-hash=\"#elementor-action%3Aaction%3Dlightbox%26settings%3DeyJpZCI6MTI3MSwidXJsIjoiaHR0cHM6XC9cL3BhcmFmaWEtamFub3cucGxcL3dwLWNvbnRlbnRcL3VwbG9hZHNcLzIwMjFcLzA3XC9SZW1vbnRfemFrcnlzdGlpX21pbmlzdHJhbnRvd2kwMDQtc2NhbGVkLmpwZyIsInNsaWRlc2hvdyI6IjM5MzIxZjgifQ%3D%3D\">\r\n\t\t\t\t\t<div class=\"e-gallery-image elementor-gallery-item__image\" data-thumbnail=\"https:\/\/parafia-janow.pl\/wp-content\/uploads\/2021\/07\/Remont_zakrystii_ministrantowi004-225x300.jpg\" data-width=\"225\" data-height=\"300\" aria-label=\"\" role=\"img\" ><\/div>\r\n\t\t\t\t\t\t\t\t\t\t\t<div class=\"elementor-gallery-item__overlay\"><\/div>\r\n\t\t\t\t\t\t\t\t\t\t\t\t\t\t<\/a>\r\n\t\t\t\t\t\t\t<a class=\"e-gallery-item elementor-gallery-item elementor-animated-content\" href=\"https:\/\/parafia-janow.pl\/wp-content\/uploads\/2021\/08\/remont_zakrystii_ministrantow007-scaled.jpg\" data-elementor-open-lightbox=\"yes\" data-elementor-lightbox-slideshow=\"39321f8\" data-elementor-lightbox-title=\"remont_zakrystii_ministrant\u00f3w007\" data-e-action-hash=\"#elementor-action%3Aaction%3Dlightbox%26settings%3DeyJpZCI6MTM0MiwidXJsIjoiaHR0cHM6XC9cL3BhcmFmaWEtamFub3cucGxcL3dwLWNvbnRlbnRcL3VwbG9hZHNcLzIwMjFcLzA4XC9yZW1vbnRfemFrcnlzdGlpX21pbmlzdHJhbnRvdzAwNy1zY2FsZWQuanBnIiwic2xpZGVzaG93IjoiMzkzMjFmOCJ9\">\r\n\t\t\t\t\t<div class=\"e-gallery-image elementor-gallery-item__image\" data-thumbnail=\"https:\/\/parafia-janow.pl\/wp-content\/uploads\/2021\/08\/remont_zakrystii_ministrantow007-225x300.jpg\" data-width=\"225\" data-height=\"300\" aria-label=\"\" role=\"img\" ><\/div>\r\n\t\t\t\t\t\t\t\t\t\t\t<div class=\"elementor-gallery-item__overlay\"><\/div>\r\n\t\t\t\t\t\t\t\t\t\t\t\t\t\t<\/a>\r\n\t\t\t\t\t\t\t<a class=\"e-gallery-item elementor-gallery-item elementor-animated-content\" href=\"https:\/\/parafia-janow.pl\/wp-content\/uploads\/2021\/07\/Remont_zakrystii_ministrantowi002-scaled.jpg\" data-elementor-open-lightbox=\"yes\" data-elementor-lightbox-slideshow=\"39321f8\" data-elementor-lightbox-title=\"Remont_zakrystii_ministrantowi002\" data-e-action-hash=\"#elementor-action%3Aaction%3Dlightbox%26settings%3DeyJpZCI6MTI2OSwidXJsIjoiaHR0cHM6XC9cL3BhcmFmaWEtamFub3cucGxcL3dwLWNvbnRlbnRcL3VwbG9hZHNcLzIwMjFcLzA3XC9SZW1vbnRfemFrcnlzdGlpX21pbmlzdHJhbnRvd2kwMDItc2NhbGVkLmpwZyIsInNsaWRlc2hvdyI6IjM5MzIxZjgifQ%3D%3D\">\r\n\t\t\t\t\t<div class=\"e-gallery-image elementor-gallery-item__image\" data-thumbnail=\"https:\/\/parafia-janow.pl\/wp-content\/uploads\/2021\/07\/Remont_zakrystii_ministrantowi002-225x300.jpg\" data-width=\"225\" data-height=\"300\" aria-label=\"\" role=\"img\" ><\/div>\r\n\t\t\t\t\t\t\t\t\t\t\t<div class=\"elementor-gallery-item__overlay\"><\/div>\r\n\t\t\t\t\t\t\t\t\t\t\t\t\t\t<\/a>\r\n\t\t\t\t\t\t\t<a class=\"e-gallery-item elementor-gallery-item elementor-animated-content\" href=\"https:\/\/parafia-janow.pl\/wp-content\/uploads\/2021\/07\/Remont_zakrystii_ministrantowi003-scaled.jpg\" data-elementor-open-lightbox=\"yes\" data-elementor-lightbox-slideshow=\"39321f8\" data-elementor-lightbox-title=\"Remont_zakrystii_ministrantowi003\" data-e-action-hash=\"#elementor-action%3Aaction%3Dlightbox%26settings%3DeyJpZCI6MTI3MCwidXJsIjoiaHR0cHM6XC9cL3BhcmFmaWEtamFub3cucGxcL3dwLWNvbnRlbnRcL3VwbG9hZHNcLzIwMjFcLzA3XC9SZW1vbnRfemFrcnlzdGlpX21pbmlzdHJhbnRvd2kwMDMtc2NhbGVkLmpwZyIsInNsaWRlc2hvdyI6IjM5MzIxZjgifQ%3D%3D\">\r\n\t\t\t\t\t<div class=\"e-gallery-image elementor-gallery-item__image\" data-thumbnail=\"https:\/\/parafia-janow.pl\/wp-content\/uploads\/2021\/07\/Remont_zakrystii_ministrantowi003-300x225.jpg\" data-width=\"300\" data-height=\"225\" aria-label=\"\" role=\"img\" ><\/div>\r\n\t\t\t\t\t\t\t\t\t\t\t<div class=\"elementor-gallery-item__overlay\"><\/div>\r\n\t\t\t\t\t\t\t\t\t\t\t\t\t\t<\/a>\r\n\t\t\t\t\t\t\t<a class=\"e-gallery-item elementor-gallery-item elementor-animated-content\" href=\"https:\/\/parafia-janow.pl\/wp-content\/uploads\/2021\/08\/remont_zakrystii_ministrantow005-scaled.jpg\" data-elementor-open-lightbox=\"yes\" data-elementor-lightbox-slideshow=\"39321f8\" data-elementor-lightbox-title=\"remont_zakrystii_ministrant\u00f3w005\" data-e-action-hash=\"#elementor-action%3Aaction%3Dlightbox%26settings%3DeyJpZCI6MTM0MCwidXJsIjoiaHR0cHM6XC9cL3BhcmFmaWEtamFub3cucGxcL3dwLWNvbnRlbnRcL3VwbG9hZHNcLzIwMjFcLzA4XC9yZW1vbnRfemFrcnlzdGlpX21pbmlzdHJhbnRvdzAwNS1zY2FsZWQuanBnIiwic2xpZGVzaG93IjoiMzkzMjFmOCJ9\">\r\n\t\t\t\t\t<div class=\"e-gallery-image elementor-gallery-item__image\" data-thumbnail=\"https:\/\/parafia-janow.pl\/wp-content\/uploads\/2021\/08\/remont_zakrystii_ministrantow005-225x300.jpg\" data-width=\"225\" data-height=\"300\" aria-label=\"\" role=\"img\" ><\/div>\r\n\t\t\t\t\t\t\t\t\t\t\t<div class=\"elementor-gallery-item__overlay\"><\/div>\r\n\t\t\t\t\t\t\t\t\t\t\t\t\t\t<\/a>\r\n\t\t\t\t\t<\/div>\r\n\t\t\t\t\t<\/div>\n\t\t\t\t<\/div>\n\t\t\t\t\t<\/div>\n\t\t<\/div>\n\t\t\t\t\t<\/div>\n\t\t<\/section>\n\t\t\t\t<\/div>\n\t\t","protected":false},"excerpt":{"rendered":"<p>Remont zakrystii ministrant\u00f3w Remont zakrystii ministrant\u00f3w przeprowadzony zosta\u0142 w lipcu 2021 r. Prace zosta\u0142y wykonane nieodp\u0142atnie przez rodzic\u00f3w ministrant\u00f3w i lektor\u00f3w. DZI\u0118KUJEMY \ud83d\ude42<\/p>\n","protected":false},"author":2,"featured_media":0,"parent":47,"menu_order":0,"comment_status":"closed","ping_status":"closed","template":"","meta":{"footnotes":""},"class_list":["entry","page","publish","author-parafia","post-1404"],"_links":{"self":[{"href":"https:\/\/parafia-janow.pl\/index.php\/wp-json\/wp\/v2\/pages\/1404","targetHints":{"allow":["GET"]}}],"collection":[{"href":"https:\/\/parafia-janow.pl\/index.php\/wp-json\/wp\/v2\/pages"}],"about":[{"href":"https:\/\/parafia-janow.pl\/index.php\/wp-json\/wp\/v2\/types\/page"}],"author":[{"embeddable":true,"href":"https:\/\/parafia-janow.pl\/index.php\/wp-json\/wp\/v2\/users\/2"}],"replies":[{"embeddable":true,"href":"https:\/\/parafia-janow.pl\/index.php\/wp-json\/wp\/v2\/comments?post=1404"}],"version-history":[{"count":0,"href":"https:\/\/parafia-janow.pl\/index.php\/wp-json\/wp\/v2\/pages\/1404\/revisions"}],"up":[{"embeddable":true,"href":"https:\/\/parafia-janow.pl\/index.php\/wp-json\/wp\/v2\/pages\/47"}],"wp:attachment":[{"href":"https:\/\/parafia-janow.pl\/index.php\/wp-json\/wp\/v2\/media?parent=1404"}],"curies":[{"name":"wp","href":"https:\/\/api.w.org\/{rel}","templated":true}]}}