{"id":1369,"date":"2021-08-06T19:33:38","date_gmt":"2021-08-06T17:33:38","guid":{"rendered":"http:\/\/parafia-janow.pl\/?page_id=1369"},"modified":"2021-08-06T20:27:58","modified_gmt":"2021-08-06T18:27:58","slug":"inwestycje-wokol-kosciola-2020","status":"publish","type":"page","link":"https:\/\/parafia-janow.pl\/index.php\/inwestycje\/inwestycje-wokol-kosciola-2020\/","title":{"rendered":"Inwestycje wok\u00f3\u0142 ko\u015bcio\u0142a &#8211; 2020"},"content":{"rendered":"\t\t<div data-elementor-type=\"wp-page\" data-elementor-id=\"1369\" class=\"elementor elementor-1369\" data-elementor-post-type=\"page\">\n\t\t\t\t\t\t<section class=\"elementor-section elementor-top-section elementor-element elementor-element-a0f7159 elementor-section-boxed elementor-section-height-default elementor-section-height-default\" data-id=\"a0f7159\" data-element_type=\"section\" data-e-type=\"section\">\n\t\t\t\t\t\t<div class=\"elementor-container elementor-column-gap-default\">\n\t\t\t\t\t<div class=\"elementor-column elementor-col-100 elementor-top-column elementor-element elementor-element-f7ef8aa\" data-id=\"f7ef8aa\" data-element_type=\"column\" data-e-type=\"column\">\n\t\t\t<div class=\"elementor-widget-wrap\">\n\t\t\t\t\t\t\t<\/div>\n\t\t<\/div>\n\t\t\t\t\t<\/div>\n\t\t<\/section>\n\t\t\t\t<section class=\"elementor-section elementor-top-section elementor-element elementor-element-a3c086a elementor-section-boxed elementor-section-height-default elementor-section-height-default\" data-id=\"a3c086a\" data-element_type=\"section\" data-e-type=\"section\">\n\t\t\t\t\t\t<div class=\"elementor-container elementor-column-gap-default\">\n\t\t\t\t\t<div class=\"elementor-column elementor-col-100 elementor-top-column elementor-element elementor-element-dcbb023\" data-id=\"dcbb023\" data-element_type=\"column\" data-e-type=\"column\">\n\t\t\t<div class=\"elementor-widget-wrap elementor-element-populated\">\n\t\t\t\t\t\t<div class=\"elementor-element elementor-element-e0435ad elementor-widget elementor-widget-text-editor\" data-id=\"e0435ad\" data-element_type=\"widget\" data-e-type=\"widget\" data-widget_type=\"text-editor.default\">\n\t\t\t\t<div class=\"elementor-widget-container\">\n\t\t\t\t\t\t\t\t\t<p><strong>W 2020 r. wok\u00f3\u0142 ko\u015bcio\u0142a by\u0142y nast\u0119puj\u0105ce inwestycje remontowe:<\/strong><\/p><p><strong>\u00a0&#8211; Wymiana frontu ogrodzenia przed ko\u015bcio\u0142em.<\/strong><\/p><p><strong>&#8211; Wymiana dekli w studniach ch\u0142onnych.<\/strong><\/p><p><strong>&#8211; Wymiana tablic informacyjnych. <br \/><\/strong><\/p><p><strong>&#8211; Monta\u017c nowych \u0142awek.\u00a0<\/strong><\/p>\t\t\t\t\t\t\t\t<\/div>\n\t\t\t\t<\/div>\n\t\t\t\t\t<\/div>\n\t\t<\/div>\n\t\t\t\t\t<\/div>\n\t\t<\/section>\n\t\t\t\t<section class=\"elementor-section elementor-top-section elementor-element elementor-element-99fa959 elementor-section-boxed elementor-section-height-default elementor-section-height-default\" data-id=\"99fa959\" data-element_type=\"section\" data-e-type=\"section\">\n\t\t\t\t\t\t<div class=\"elementor-container elementor-column-gap-default\">\n\t\t\t\t\t<div class=\"elementor-column elementor-col-100 elementor-top-column elementor-element elementor-element-cfbcbbd\" data-id=\"cfbcbbd\" data-element_type=\"column\" data-e-type=\"column\">\n\t\t\t<div class=\"elementor-widget-wrap elementor-element-populated\">\n\t\t\t\t\t\t<div class=\"elementor-element elementor-element-081aa7a elementor-widget elementor-widget-gallery\" data-id=\"081aa7a\" data-element_type=\"widget\" data-e-type=\"widget\" data-settings=\"{&quot;lazyload&quot;:&quot;yes&quot;,&quot;gallery_layout&quot;:&quot;grid&quot;,&quot;columns&quot;:4,&quot;columns_tablet&quot;:2,&quot;columns_mobile&quot;:1,&quot;gap&quot;:{&quot;unit&quot;:&quot;px&quot;,&quot;size&quot;:10,&quot;sizes&quot;:[]},&quot;gap_tablet&quot;:{&quot;unit&quot;:&quot;px&quot;,&quot;size&quot;:10,&quot;sizes&quot;:[]},&quot;gap_mobile&quot;:{&quot;unit&quot;:&quot;px&quot;,&quot;size&quot;:10,&quot;sizes&quot;:[]},&quot;link_to&quot;:&quot;file&quot;,&quot;aspect_ratio&quot;:&quot;3:2&quot;,&quot;overlay_background&quot;:&quot;yes&quot;,&quot;content_hover_animation&quot;:&quot;fade-in&quot;}\" data-widget_type=\"gallery.default\">\n\t\t\t\t<div class=\"elementor-widget-container\">\n\t\t\t\t\t\t\t<div class=\"elementor-gallery__container\">\r\n\t\t\t\t\t\t\t<a class=\"e-gallery-item elementor-gallery-item elementor-animated-content\" href=\"https:\/\/parafia-janow.pl\/wp-content\/uploads\/2021\/08\/inwestycje-remont-przed-kosciolem001-scaled.jpg\" data-elementor-open-lightbox=\"yes\" data-elementor-lightbox-slideshow=\"081aa7a\" data-elementor-lightbox-title=\"inwestycje-remont przed ko\u015bcio\u0142em001\" data-e-action-hash=\"#elementor-action%3Aaction%3Dlightbox%26settings%3DeyJpZCI6MTMwOSwidXJsIjoiaHR0cHM6XC9cL3BhcmFmaWEtamFub3cucGxcL3dwLWNvbnRlbnRcL3VwbG9hZHNcLzIwMjFcLzA4XC9pbndlc3R5Y2plLXJlbW9udC1wcnplZC1rb3NjaW9sZW0wMDEtc2NhbGVkLmpwZyIsInNsaWRlc2hvdyI6IjA4MWFhN2EifQ%3D%3D\">\r\n\t\t\t\t\t<div class=\"e-gallery-image elementor-gallery-item__image\" data-thumbnail=\"https:\/\/parafia-janow.pl\/wp-content\/uploads\/2021\/08\/inwestycje-remont-przed-kosciolem001-225x300.jpg\" data-width=\"225\" data-height=\"300\" aria-label=\"\" role=\"img\" ><\/div>\r\n\t\t\t\t\t\t\t\t\t\t\t<div class=\"elementor-gallery-item__overlay\"><\/div>\r\n\t\t\t\t\t\t\t\t\t\t\t\t\t\t<\/a>\r\n\t\t\t\t\t\t\t<a class=\"e-gallery-item elementor-gallery-item elementor-animated-content\" href=\"https:\/\/parafia-janow.pl\/wp-content\/uploads\/2021\/08\/inwestycje-remont-przed-kosciolem002-scaled.jpg\" data-elementor-open-lightbox=\"yes\" data-elementor-lightbox-slideshow=\"081aa7a\" data-elementor-lightbox-title=\"inwestycje-remont przed ko\u015bcio\u0142em002\" data-e-action-hash=\"#elementor-action%3Aaction%3Dlightbox%26settings%3DeyJpZCI6MTMxMCwidXJsIjoiaHR0cHM6XC9cL3BhcmFmaWEtamFub3cucGxcL3dwLWNvbnRlbnRcL3VwbG9hZHNcLzIwMjFcLzA4XC9pbndlc3R5Y2plLXJlbW9udC1wcnplZC1rb3NjaW9sZW0wMDItc2NhbGVkLmpwZyIsInNsaWRlc2hvdyI6IjA4MWFhN2EifQ%3D%3D\">\r\n\t\t\t\t\t<div class=\"e-gallery-image elementor-gallery-item__image\" data-thumbnail=\"https:\/\/parafia-janow.pl\/wp-content\/uploads\/2021\/08\/inwestycje-remont-przed-kosciolem002-300x225.jpg\" data-width=\"300\" data-height=\"225\" aria-label=\"\" role=\"img\" ><\/div>\r\n\t\t\t\t\t\t\t\t\t\t\t<div class=\"elementor-gallery-item__overlay\"><\/div>\r\n\t\t\t\t\t\t\t\t\t\t\t\t\t\t<\/a>\r\n\t\t\t\t\t\t\t<a class=\"e-gallery-item elementor-gallery-item elementor-animated-content\" href=\"https:\/\/parafia-janow.pl\/wp-content\/uploads\/2021\/08\/inwestycje-remont-przed-kosciolem003-scaled.jpg\" data-elementor-open-lightbox=\"yes\" data-elementor-lightbox-slideshow=\"081aa7a\" data-elementor-lightbox-title=\"inwestycje-remont przed ko\u015bcio\u0142em003\" data-e-action-hash=\"#elementor-action%3Aaction%3Dlightbox%26settings%3DeyJpZCI6MTMxMSwidXJsIjoiaHR0cHM6XC9cL3BhcmFmaWEtamFub3cucGxcL3dwLWNvbnRlbnRcL3VwbG9hZHNcLzIwMjFcLzA4XC9pbndlc3R5Y2plLXJlbW9udC1wcnplZC1rb3NjaW9sZW0wMDMtc2NhbGVkLmpwZyIsInNsaWRlc2hvdyI6IjA4MWFhN2EifQ%3D%3D\">\r\n\t\t\t\t\t<div class=\"e-gallery-image elementor-gallery-item__image\" data-thumbnail=\"https:\/\/parafia-janow.pl\/wp-content\/uploads\/2021\/08\/inwestycje-remont-przed-kosciolem003-300x225.jpg\" data-width=\"300\" data-height=\"225\" aria-label=\"\" role=\"img\" ><\/div>\r\n\t\t\t\t\t\t\t\t\t\t\t<div class=\"elementor-gallery-item__overlay\"><\/div>\r\n\t\t\t\t\t\t\t\t\t\t\t\t\t\t<\/a>\r\n\t\t\t\t\t\t\t<a class=\"e-gallery-item elementor-gallery-item elementor-animated-content\" href=\"https:\/\/parafia-janow.pl\/wp-content\/uploads\/2021\/08\/inwestycje-remont-przed-kosciolem004-scaled.jpg\" data-elementor-open-lightbox=\"yes\" data-elementor-lightbox-slideshow=\"081aa7a\" data-elementor-lightbox-title=\"inwestycje-remont przed ko\u015bcio\u0142em004\" data-e-action-hash=\"#elementor-action%3Aaction%3Dlightbox%26settings%3DeyJpZCI6MTMxMiwidXJsIjoiaHR0cHM6XC9cL3BhcmFmaWEtamFub3cucGxcL3dwLWNvbnRlbnRcL3VwbG9hZHNcLzIwMjFcLzA4XC9pbndlc3R5Y2plLXJlbW9udC1wcnplZC1rb3NjaW9sZW0wMDQtc2NhbGVkLmpwZyIsInNsaWRlc2hvdyI6IjA4MWFhN2EifQ%3D%3D\">\r\n\t\t\t\t\t<div class=\"e-gallery-image elementor-gallery-item__image\" data-thumbnail=\"https:\/\/parafia-janow.pl\/wp-content\/uploads\/2021\/08\/inwestycje-remont-przed-kosciolem004-300x225.jpg\" data-width=\"300\" data-height=\"225\" aria-label=\"\" role=\"img\" ><\/div>\r\n\t\t\t\t\t\t\t\t\t\t\t<div class=\"elementor-gallery-item__overlay\"><\/div>\r\n\t\t\t\t\t\t\t\t\t\t\t\t\t\t<\/a>\r\n\t\t\t\t\t\t\t<a class=\"e-gallery-item elementor-gallery-item elementor-animated-content\" href=\"https:\/\/parafia-janow.pl\/wp-content\/uploads\/2021\/08\/inwestycje-remont-przed-kosciolem005-scaled.jpg\" data-elementor-open-lightbox=\"yes\" data-elementor-lightbox-slideshow=\"081aa7a\" data-elementor-lightbox-title=\"inwestycje-remont przed ko\u015bcio\u0142em005\" data-e-action-hash=\"#elementor-action%3Aaction%3Dlightbox%26settings%3DeyJpZCI6MTMxMywidXJsIjoiaHR0cHM6XC9cL3BhcmFmaWEtamFub3cucGxcL3dwLWNvbnRlbnRcL3VwbG9hZHNcLzIwMjFcLzA4XC9pbndlc3R5Y2plLXJlbW9udC1wcnplZC1rb3NjaW9sZW0wMDUtc2NhbGVkLmpwZyIsInNsaWRlc2hvdyI6IjA4MWFhN2EifQ%3D%3D\">\r\n\t\t\t\t\t<div class=\"e-gallery-image elementor-gallery-item__image\" data-thumbnail=\"https:\/\/parafia-janow.pl\/wp-content\/uploads\/2021\/08\/inwestycje-remont-przed-kosciolem005-300x225.jpg\" data-width=\"300\" data-height=\"225\" aria-label=\"\" role=\"img\" ><\/div>\r\n\t\t\t\t\t\t\t\t\t\t\t<div class=\"elementor-gallery-item__overlay\"><\/div>\r\n\t\t\t\t\t\t\t\t\t\t\t\t\t\t<\/a>\r\n\t\t\t\t\t\t\t<a class=\"e-gallery-item elementor-gallery-item elementor-animated-content\" href=\"https:\/\/parafia-janow.pl\/wp-content\/uploads\/2021\/08\/inwestycje-remont-przed-kosciolem006-scaled.jpg\" data-elementor-open-lightbox=\"yes\" data-elementor-lightbox-slideshow=\"081aa7a\" data-elementor-lightbox-title=\"inwestycje-remont przed ko\u015bcio\u0142em006\" data-e-action-hash=\"#elementor-action%3Aaction%3Dlightbox%26settings%3DeyJpZCI6MTMxNCwidXJsIjoiaHR0cHM6XC9cL3BhcmFmaWEtamFub3cucGxcL3dwLWNvbnRlbnRcL3VwbG9hZHNcLzIwMjFcLzA4XC9pbndlc3R5Y2plLXJlbW9udC1wcnplZC1rb3NjaW9sZW0wMDYtc2NhbGVkLmpwZyIsInNsaWRlc2hvdyI6IjA4MWFhN2EifQ%3D%3D\">\r\n\t\t\t\t\t<div class=\"e-gallery-image elementor-gallery-item__image\" data-thumbnail=\"https:\/\/parafia-janow.pl\/wp-content\/uploads\/2021\/08\/inwestycje-remont-przed-kosciolem006-225x300.jpg\" data-width=\"225\" data-height=\"300\" aria-label=\"\" role=\"img\" ><\/div>\r\n\t\t\t\t\t\t\t\t\t\t\t<div class=\"elementor-gallery-item__overlay\"><\/div>\r\n\t\t\t\t\t\t\t\t\t\t\t\t\t\t<\/a>\r\n\t\t\t\t\t\t\t<a class=\"e-gallery-item elementor-gallery-item elementor-animated-content\" href=\"https:\/\/parafia-janow.pl\/wp-content\/uploads\/2021\/08\/inwestycje-remont-przed-kosciolem007-scaled.jpg\" data-elementor-open-lightbox=\"yes\" data-elementor-lightbox-slideshow=\"081aa7a\" data-elementor-lightbox-title=\"inwestycje-remont przed ko\u015bcio\u0142em007\" data-e-action-hash=\"#elementor-action%3Aaction%3Dlightbox%26settings%3DeyJpZCI6MTMxNSwidXJsIjoiaHR0cHM6XC9cL3BhcmFmaWEtamFub3cucGxcL3dwLWNvbnRlbnRcL3VwbG9hZHNcLzIwMjFcLzA4XC9pbndlc3R5Y2plLXJlbW9udC1wcnplZC1rb3NjaW9sZW0wMDctc2NhbGVkLmpwZyIsInNsaWRlc2hvdyI6IjA4MWFhN2EifQ%3D%3D\">\r\n\t\t\t\t\t<div class=\"e-gallery-image elementor-gallery-item__image\" data-thumbnail=\"https:\/\/parafia-janow.pl\/wp-content\/uploads\/2021\/08\/inwestycje-remont-przed-kosciolem007-300x225.jpg\" data-width=\"300\" data-height=\"225\" aria-label=\"\" role=\"img\" ><\/div>\r\n\t\t\t\t\t\t\t\t\t\t\t<div class=\"elementor-gallery-item__overlay\"><\/div>\r\n\t\t\t\t\t\t\t\t\t\t\t\t\t\t<\/a>\r\n\t\t\t\t\t\t\t<a class=\"e-gallery-item elementor-gallery-item elementor-animated-content\" href=\"https:\/\/parafia-janow.pl\/wp-content\/uploads\/2021\/08\/inwestycje-remont-przed-kosciolem008-scaled.jpg\" data-elementor-open-lightbox=\"yes\" data-elementor-lightbox-slideshow=\"081aa7a\" data-elementor-lightbox-title=\"inwestycje-remont przed ko\u015bcio\u0142em008\" data-e-action-hash=\"#elementor-action%3Aaction%3Dlightbox%26settings%3DeyJpZCI6MTMxNiwidXJsIjoiaHR0cHM6XC9cL3BhcmFmaWEtamFub3cucGxcL3dwLWNvbnRlbnRcL3VwbG9hZHNcLzIwMjFcLzA4XC9pbndlc3R5Y2plLXJlbW9udC1wcnplZC1rb3NjaW9sZW0wMDgtc2NhbGVkLmpwZyIsInNsaWRlc2hvdyI6IjA4MWFhN2EifQ%3D%3D\">\r\n\t\t\t\t\t<div class=\"e-gallery-image elementor-gallery-item__image\" data-thumbnail=\"https:\/\/parafia-janow.pl\/wp-content\/uploads\/2021\/08\/inwestycje-remont-przed-kosciolem008-225x300.jpg\" data-width=\"225\" data-height=\"300\" aria-label=\"\" role=\"img\" ><\/div>\r\n\t\t\t\t\t\t\t\t\t\t\t<div class=\"elementor-gallery-item__overlay\"><\/div>\r\n\t\t\t\t\t\t\t\t\t\t\t\t\t\t<\/a>\r\n\t\t\t\t\t\t\t<a class=\"e-gallery-item elementor-gallery-item elementor-animated-content\" href=\"https:\/\/parafia-janow.pl\/wp-content\/uploads\/2021\/08\/inwestycje-remont-przed-kosciolem009-scaled.jpg\" data-elementor-open-lightbox=\"yes\" data-elementor-lightbox-slideshow=\"081aa7a\" data-elementor-lightbox-title=\"inwestycje-remont przed ko\u015bcio\u0142em009\" data-e-action-hash=\"#elementor-action%3Aaction%3Dlightbox%26settings%3DeyJpZCI6MTMxNywidXJsIjoiaHR0cHM6XC9cL3BhcmFmaWEtamFub3cucGxcL3dwLWNvbnRlbnRcL3VwbG9hZHNcLzIwMjFcLzA4XC9pbndlc3R5Y2plLXJlbW9udC1wcnplZC1rb3NjaW9sZW0wMDktc2NhbGVkLmpwZyIsInNsaWRlc2hvdyI6IjA4MWFhN2EifQ%3D%3D\">\r\n\t\t\t\t\t<div class=\"e-gallery-image elementor-gallery-item__image\" data-thumbnail=\"https:\/\/parafia-janow.pl\/wp-content\/uploads\/2021\/08\/inwestycje-remont-przed-kosciolem009-300x225.jpg\" data-width=\"300\" data-height=\"225\" aria-label=\"\" role=\"img\" ><\/div>\r\n\t\t\t\t\t\t\t\t\t\t\t<div class=\"elementor-gallery-item__overlay\"><\/div>\r\n\t\t\t\t\t\t\t\t\t\t\t\t\t\t<\/a>\r\n\t\t\t\t\t<\/div>\r\n\t\t\t\t\t<\/div>\n\t\t\t\t<\/div>\n\t\t\t\t\t<\/div>\n\t\t<\/div>\n\t\t\t\t\t<\/div>\n\t\t<\/section>\n\t\t\t\t<\/div>\n\t\t","protected":false},"excerpt":{"rendered":"<p>W 2020 r. wok\u00f3\u0142 ko\u015bcio\u0142a by\u0142y nast\u0119puj\u0105ce inwestycje remontowe: \u00a0&#8211; Wymiana frontu ogrodzenia przed ko\u015bcio\u0142em. &#8211; Wymiana dekli w studniach ch\u0142onnych. &#8211; Wymiana tablic informacyjnych. &#8211; Monta\u017c nowych \u0142awek.\u00a0<\/p>\n","protected":false},"author":2,"featured_media":0,"parent":47,"menu_order":0,"comment_status":"closed","ping_status":"closed","template":"","meta":{"footnotes":""},"class_list":["entry","page","publish","author-parafia","post-1369"],"_links":{"self":[{"href":"https:\/\/parafia-janow.pl\/index.php\/wp-json\/wp\/v2\/pages\/1369","targetHints":{"allow":["GET"]}}],"collection":[{"href":"https:\/\/parafia-janow.pl\/index.php\/wp-json\/wp\/v2\/pages"}],"about":[{"href":"https:\/\/parafia-janow.pl\/index.php\/wp-json\/wp\/v2\/types\/page"}],"author":[{"embeddable":true,"href":"https:\/\/parafia-janow.pl\/index.php\/wp-json\/wp\/v2\/users\/2"}],"replies":[{"embeddable":true,"href":"https:\/\/parafia-janow.pl\/index.php\/wp-json\/wp\/v2\/comments?post=1369"}],"version-history":[{"count":0,"href":"https:\/\/parafia-janow.pl\/index.php\/wp-json\/wp\/v2\/pages\/1369\/revisions"}],"up":[{"embeddable":true,"href":"https:\/\/parafia-janow.pl\/index.php\/wp-json\/wp\/v2\/pages\/47"}],"wp:attachment":[{"href":"https:\/\/parafia-janow.pl\/index.php\/wp-json\/wp\/v2\/media?parent=1369"}],"curies":[{"name":"wp","href":"https:\/\/api.w.org\/{rel}","templated":true}]}}