{"id":1359,"date":"2021-08-06T19:21:23","date_gmt":"2021-08-06T17:21:23","guid":{"rendered":"http:\/\/parafia-janow.pl\/?page_id=1359"},"modified":"2021-08-06T19:31:26","modified_gmt":"2021-08-06T17:31:26","slug":"wymiana-naglosnienia-w-kosciele","status":"publish","type":"page","link":"https:\/\/parafia-janow.pl\/index.php\/inwestycje\/wymiana-naglosnienia-w-kosciele\/","title":{"rendered":"Wymiana nag\u0142o\u015bnienia w ko\u015bciele"},"content":{"rendered":"\t\t<div data-elementor-type=\"wp-page\" data-elementor-id=\"1359\" class=\"elementor elementor-1359\" data-elementor-post-type=\"page\">\n\t\t\t\t\t\t<section class=\"elementor-section elementor-top-section elementor-element elementor-element-fff4d38 elementor-section-boxed elementor-section-height-default elementor-section-height-default\" data-id=\"fff4d38\" data-element_type=\"section\" data-e-type=\"section\">\n\t\t\t\t\t\t<div class=\"elementor-container elementor-column-gap-default\">\n\t\t\t\t\t<div class=\"elementor-column elementor-col-100 elementor-top-column elementor-element elementor-element-f4036bd\" data-id=\"f4036bd\" data-element_type=\"column\" data-e-type=\"column\">\n\t\t\t<div class=\"elementor-widget-wrap elementor-element-populated\">\n\t\t\t\t\t\t<div class=\"elementor-element elementor-element-53be4b8 elementor-widget elementor-widget-heading\" data-id=\"53be4b8\" data-element_type=\"widget\" data-e-type=\"widget\" data-widget_type=\"heading.default\">\n\t\t\t\t<div class=\"elementor-widget-container\">\n\t\t\t\t\t<h2 class=\"elementor-heading-title elementor-size-default\">Wymiana nag\u0142o\u015bnienia w ko\u015bciele<\/h2>\t\t\t\t<\/div>\n\t\t\t\t<\/div>\n\t\t\t\t\t<\/div>\n\t\t<\/div>\n\t\t\t\t\t<\/div>\n\t\t<\/section>\n\t\t\t\t<section class=\"elementor-section elementor-top-section elementor-element elementor-element-a180b11 elementor-section-boxed elementor-section-height-default elementor-section-height-default\" data-id=\"a180b11\" data-element_type=\"section\" data-e-type=\"section\">\n\t\t\t\t\t\t<div class=\"elementor-container elementor-column-gap-default\">\n\t\t\t\t\t<div class=\"elementor-column elementor-col-100 elementor-top-column elementor-element elementor-element-06d03ef\" data-id=\"06d03ef\" data-element_type=\"column\" data-e-type=\"column\">\n\t\t\t<div class=\"elementor-widget-wrap elementor-element-populated\">\n\t\t\t\t\t\t<div class=\"elementor-element elementor-element-9770412 elementor-widget elementor-widget-text-editor\" data-id=\"9770412\" data-element_type=\"widget\" data-e-type=\"widget\" data-widget_type=\"text-editor.default\">\n\t\t\t\t<div class=\"elementor-widget-container\">\n\t\t\t\t\t\t\t\t\t<p>Wymiana nag\u0142o\u015bnienia w ko\u015bciele &#8211; pa\u017adziernik 2020 r.\u00a0\u00a0\u00a0\u00a0\u00a0\u00a0\u00a0\u00a0\u00a0\u00a0\u00a0\u00a0\u00a0\u00a0\u00a0\u00a0\u00a0\u00a0\u00a0\u00a0\u00a0\u00a0\u00a0\u00a0\u00a0\u00a0\u00a0 Wykonawca: Firma RDUCH Elektroakustyka z Godowa.<\/p>\t\t\t\t\t\t\t\t<\/div>\n\t\t\t\t<\/div>\n\t\t\t\t\t<\/div>\n\t\t<\/div>\n\t\t\t\t\t<\/div>\n\t\t<\/section>\n\t\t\t\t<section class=\"elementor-section elementor-top-section elementor-element elementor-element-d777164 elementor-section-boxed elementor-section-height-default elementor-section-height-default\" data-id=\"d777164\" data-element_type=\"section\" data-e-type=\"section\">\n\t\t\t\t\t\t<div class=\"elementor-container elementor-column-gap-default\">\n\t\t\t\t\t<div class=\"elementor-column elementor-col-100 elementor-top-column elementor-element elementor-element-52eb08a\" data-id=\"52eb08a\" data-element_type=\"column\" data-e-type=\"column\">\n\t\t\t<div class=\"elementor-widget-wrap elementor-element-populated\">\n\t\t\t\t\t\t<div class=\"elementor-element elementor-element-73b30f9 elementor-widget elementor-widget-gallery\" data-id=\"73b30f9\" data-element_type=\"widget\" data-e-type=\"widget\" data-settings=\"{&quot;lazyload&quot;:&quot;yes&quot;,&quot;gallery_layout&quot;:&quot;grid&quot;,&quot;columns&quot;:4,&quot;columns_tablet&quot;:2,&quot;columns_mobile&quot;:1,&quot;gap&quot;:{&quot;unit&quot;:&quot;px&quot;,&quot;size&quot;:10,&quot;sizes&quot;:[]},&quot;gap_tablet&quot;:{&quot;unit&quot;:&quot;px&quot;,&quot;size&quot;:10,&quot;sizes&quot;:[]},&quot;gap_mobile&quot;:{&quot;unit&quot;:&quot;px&quot;,&quot;size&quot;:10,&quot;sizes&quot;:[]},&quot;link_to&quot;:&quot;file&quot;,&quot;aspect_ratio&quot;:&quot;3:2&quot;,&quot;overlay_background&quot;:&quot;yes&quot;,&quot;content_hover_animation&quot;:&quot;fade-in&quot;}\" data-widget_type=\"gallery.default\">\n\t\t\t\t<div class=\"elementor-widget-container\">\n\t\t\t\t\t\t\t<div class=\"elementor-gallery__container\">\r\n\t\t\t\t\t\t\t<a class=\"e-gallery-item elementor-gallery-item elementor-animated-content\" href=\"https:\/\/parafia-janow.pl\/wp-content\/uploads\/2021\/08\/Inwestycje-wymiana-naglosnienia-w-kosciele001-scaled.jpg\" data-elementor-open-lightbox=\"yes\" data-elementor-lightbox-slideshow=\"73b30f9\" data-elementor-lightbox-title=\"Inwestycje - wymiana nag\u0142osnienia w ko\u015bciele001\" data-e-action-hash=\"#elementor-action%3Aaction%3Dlightbox%26settings%3DeyJpZCI6MTMxOCwidXJsIjoiaHR0cHM6XC9cL3BhcmFmaWEtamFub3cucGxcL3dwLWNvbnRlbnRcL3VwbG9hZHNcLzIwMjFcLzA4XC9Jbndlc3R5Y2plLXd5bWlhbmEtbmFnbG9zbmllbmlhLXcta29zY2llbGUwMDEtc2NhbGVkLmpwZyIsInNsaWRlc2hvdyI6IjczYjMwZjkifQ%3D%3D\">\r\n\t\t\t\t\t<div class=\"e-gallery-image elementor-gallery-item__image\" data-thumbnail=\"https:\/\/parafia-janow.pl\/wp-content\/uploads\/2021\/08\/Inwestycje-wymiana-naglosnienia-w-kosciele001-225x300.jpg\" data-width=\"225\" data-height=\"300\" aria-label=\"\" role=\"img\" ><\/div>\r\n\t\t\t\t\t\t\t\t\t\t\t<div class=\"elementor-gallery-item__overlay\"><\/div>\r\n\t\t\t\t\t\t\t\t\t\t\t\t\t\t<\/a>\r\n\t\t\t\t\t\t\t<a class=\"e-gallery-item elementor-gallery-item elementor-animated-content\" href=\"https:\/\/parafia-janow.pl\/wp-content\/uploads\/2021\/08\/Inwestycje-wymiana-naglosnienia-w-kosciele002-scaled.jpg\" data-elementor-open-lightbox=\"yes\" data-elementor-lightbox-slideshow=\"73b30f9\" data-elementor-lightbox-title=\"Inwestycje - wymiana nag\u0142osnienia w ko\u015bciele002\" data-e-action-hash=\"#elementor-action%3Aaction%3Dlightbox%26settings%3DeyJpZCI6MTMxOSwidXJsIjoiaHR0cHM6XC9cL3BhcmFmaWEtamFub3cucGxcL3dwLWNvbnRlbnRcL3VwbG9hZHNcLzIwMjFcLzA4XC9Jbndlc3R5Y2plLXd5bWlhbmEtbmFnbG9zbmllbmlhLXcta29zY2llbGUwMDItc2NhbGVkLmpwZyIsInNsaWRlc2hvdyI6IjczYjMwZjkifQ%3D%3D\">\r\n\t\t\t\t\t<div class=\"e-gallery-image elementor-gallery-item__image\" data-thumbnail=\"https:\/\/parafia-janow.pl\/wp-content\/uploads\/2021\/08\/Inwestycje-wymiana-naglosnienia-w-kosciele002-225x300.jpg\" data-width=\"225\" data-height=\"300\" aria-label=\"\" role=\"img\" ><\/div>\r\n\t\t\t\t\t\t\t\t\t\t\t<div class=\"elementor-gallery-item__overlay\"><\/div>\r\n\t\t\t\t\t\t\t\t\t\t\t\t\t\t<\/a>\r\n\t\t\t\t\t\t\t<a class=\"e-gallery-item elementor-gallery-item elementor-animated-content\" href=\"https:\/\/parafia-janow.pl\/wp-content\/uploads\/2021\/08\/Inwestycje-wymiana-naglosnienia-w-kosciele003-scaled.jpg\" data-elementor-open-lightbox=\"yes\" data-elementor-lightbox-slideshow=\"73b30f9\" data-elementor-lightbox-title=\"Inwestycje - wymiana nag\u0142osnienia w ko\u015bciele003\" data-e-action-hash=\"#elementor-action%3Aaction%3Dlightbox%26settings%3DeyJpZCI6MTMyMCwidXJsIjoiaHR0cHM6XC9cL3BhcmFmaWEtamFub3cucGxcL3dwLWNvbnRlbnRcL3VwbG9hZHNcLzIwMjFcLzA4XC9Jbndlc3R5Y2plLXd5bWlhbmEtbmFnbG9zbmllbmlhLXcta29zY2llbGUwMDMtc2NhbGVkLmpwZyIsInNsaWRlc2hvdyI6IjczYjMwZjkifQ%3D%3D\">\r\n\t\t\t\t\t<div class=\"e-gallery-image elementor-gallery-item__image\" data-thumbnail=\"https:\/\/parafia-janow.pl\/wp-content\/uploads\/2021\/08\/Inwestycje-wymiana-naglosnienia-w-kosciele003-225x300.jpg\" data-width=\"225\" data-height=\"300\" aria-label=\"\" role=\"img\" ><\/div>\r\n\t\t\t\t\t\t\t\t\t\t\t<div class=\"elementor-gallery-item__overlay\"><\/div>\r\n\t\t\t\t\t\t\t\t\t\t\t\t\t\t<\/a>\r\n\t\t\t\t\t\t\t<a class=\"e-gallery-item elementor-gallery-item elementor-animated-content\" href=\"https:\/\/parafia-janow.pl\/wp-content\/uploads\/2021\/08\/Inwestycje-wymiana-naglosnienia-w-kosciele004-scaled.jpg\" data-elementor-open-lightbox=\"yes\" data-elementor-lightbox-slideshow=\"73b30f9\" data-elementor-lightbox-title=\"Inwestycje - wymiana nag\u0142osnienia w ko\u015bciele004\" data-e-action-hash=\"#elementor-action%3Aaction%3Dlightbox%26settings%3DeyJpZCI6MTMyMSwidXJsIjoiaHR0cHM6XC9cL3BhcmFmaWEtamFub3cucGxcL3dwLWNvbnRlbnRcL3VwbG9hZHNcLzIwMjFcLzA4XC9Jbndlc3R5Y2plLXd5bWlhbmEtbmFnbG9zbmllbmlhLXcta29zY2llbGUwMDQtc2NhbGVkLmpwZyIsInNsaWRlc2hvdyI6IjczYjMwZjkifQ%3D%3D\">\r\n\t\t\t\t\t<div class=\"e-gallery-image elementor-gallery-item__image\" data-thumbnail=\"https:\/\/parafia-janow.pl\/wp-content\/uploads\/2021\/08\/Inwestycje-wymiana-naglosnienia-w-kosciele004-225x300.jpg\" data-width=\"225\" data-height=\"300\" aria-label=\"\" role=\"img\" ><\/div>\r\n\t\t\t\t\t\t\t\t\t\t\t<div class=\"elementor-gallery-item__overlay\"><\/div>\r\n\t\t\t\t\t\t\t\t\t\t\t\t\t\t<\/a>\r\n\t\t\t\t\t\t\t<a class=\"e-gallery-item elementor-gallery-item elementor-animated-content\" href=\"https:\/\/parafia-janow.pl\/wp-content\/uploads\/2021\/08\/Inwestycje-wymiana-naglosnienia-w-kosciele005-scaled.jpg\" data-elementor-open-lightbox=\"yes\" data-elementor-lightbox-slideshow=\"73b30f9\" data-elementor-lightbox-title=\"Inwestycje - wymiana nag\u0142osnienia w ko\u015bciele005\" data-e-action-hash=\"#elementor-action%3Aaction%3Dlightbox%26settings%3DeyJpZCI6MTMyMiwidXJsIjoiaHR0cHM6XC9cL3BhcmFmaWEtamFub3cucGxcL3dwLWNvbnRlbnRcL3VwbG9hZHNcLzIwMjFcLzA4XC9Jbndlc3R5Y2plLXd5bWlhbmEtbmFnbG9zbmllbmlhLXcta29zY2llbGUwMDUtc2NhbGVkLmpwZyIsInNsaWRlc2hvdyI6IjczYjMwZjkifQ%3D%3D\">\r\n\t\t\t\t\t<div class=\"e-gallery-image elementor-gallery-item__image\" data-thumbnail=\"https:\/\/parafia-janow.pl\/wp-content\/uploads\/2021\/08\/Inwestycje-wymiana-naglosnienia-w-kosciele005-225x300.jpg\" data-width=\"225\" data-height=\"300\" aria-label=\"\" role=\"img\" ><\/div>\r\n\t\t\t\t\t\t\t\t\t\t\t<div class=\"elementor-gallery-item__overlay\"><\/div>\r\n\t\t\t\t\t\t\t\t\t\t\t\t\t\t<\/a>\r\n\t\t\t\t\t<\/div>\r\n\t\t\t\t\t<\/div>\n\t\t\t\t<\/div>\n\t\t\t\t\t<\/div>\n\t\t<\/div>\n\t\t\t\t\t<\/div>\n\t\t<\/section>\n\t\t\t\t<\/div>\n\t\t","protected":false},"excerpt":{"rendered":"<p>Wymiana nag\u0142o\u015bnienia w ko\u015bciele Wymiana nag\u0142o\u015bnienia w ko\u015bciele &#8211; pa\u017adziernik 2020 r.\u00a0\u00a0\u00a0\u00a0\u00a0\u00a0\u00a0\u00a0\u00a0\u00a0\u00a0\u00a0\u00a0\u00a0\u00a0\u00a0\u00a0\u00a0\u00a0\u00a0\u00a0\u00a0\u00a0\u00a0\u00a0\u00a0\u00a0 Wykonawca: Firma RDUCH Elektroakustyka z Godowa.<\/p>\n","protected":false},"author":2,"featured_media":0,"parent":47,"menu_order":0,"comment_status":"closed","ping_status":"closed","template":"","meta":{"footnotes":""},"class_list":["entry","page","publish","author-parafia","post-1359"],"_links":{"self":[{"href":"https:\/\/parafia-janow.pl\/index.php\/wp-json\/wp\/v2\/pages\/1359","targetHints":{"allow":["GET"]}}],"collection":[{"href":"https:\/\/parafia-janow.pl\/index.php\/wp-json\/wp\/v2\/pages"}],"about":[{"href":"https:\/\/parafia-janow.pl\/index.php\/wp-json\/wp\/v2\/types\/page"}],"author":[{"embeddable":true,"href":"https:\/\/parafia-janow.pl\/index.php\/wp-json\/wp\/v2\/users\/2"}],"replies":[{"embeddable":true,"href":"https:\/\/parafia-janow.pl\/index.php\/wp-json\/wp\/v2\/comments?post=1359"}],"version-history":[{"count":0,"href":"https:\/\/parafia-janow.pl\/index.php\/wp-json\/wp\/v2\/pages\/1359\/revisions"}],"up":[{"embeddable":true,"href":"https:\/\/parafia-janow.pl\/index.php\/wp-json\/wp\/v2\/pages\/47"}],"wp:attachment":[{"href":"https:\/\/parafia-janow.pl\/index.php\/wp-json\/wp\/v2\/media?parent=1359"}],"curies":[{"name":"wp","href":"https:\/\/api.w.org\/{rel}","templated":true}]}}